{"id":539012,"date":"2019-12-28T11:18:58","date_gmt":"2019-12-28T10:18:58","guid":{"rendered":"https:\/\/www.silkeborgkanocenter.dk\/booking\/luxury-package-hotel-dania-silkeborg-round-trip\/"},"modified":"2026-02-02T14:02:19","modified_gmt":"2026-02-02T13:02:19","slug":"luxury-package-hotel-dania-silkeborg-round-trip","status":"publish","type":"product","link":"https:\/\/www.silkeborgkanocenter.dk\/en\/booking\/luxury-package-hotel-dania-silkeborg-round-trip\/","title":{"rendered":"Luxury Package (Hotel Dania) &#8211; Silkeborg round trip"},"content":{"rendered":"<p><strong>Starting point:<\/strong> Silkeborg Havn \/ Silkeborg Kanocenter, \u00d8stergade 36, 8600 Silkeborg<\/p>\n<p><strong>Ending point:<\/strong> Silkeborg Havn \/ Silkeborg Kanocenter, \u00d8stergade 36, 8600 Silkeborg<\/p>\n<p>Canoe\/kayak is ready at the starting point at 9:00 AM, and must be at the ending point no later than 5:00 PM (however, 8:00 PM in our high season, 16\/6-15\/8).<\/p>\n<p>Absolute luxury in 1st class combined with a canoe\/kayak tour, where after a day on the water a 3-course menu awaits you in Restaurant Underhuset, as well as accommodation in a double room, with subsequent breakfast buffet at Hotel Dania.<\/p>\n","protected":false},"excerpt":{"rendered":"<p>Starting point: Silkeborg Havn \/ Silkeborg Kanocenter, \u00d8stergade 36, 8600 Silkeborg Ending point: Silkeborg Havn \/ Silkeborg Kanocenter, \u00d8stergade 36,&hellip; <a class=\"continue\" href=\"https:\/\/www.silkeborgkanocenter.dk\/en\/booking\/luxury-package-hotel-dania-silkeborg-round-trip\/\">L\u00e6s mere<span> Luxury Package (Hotel Dania) &#8211; Silkeborg round trip<\/span><\/a><\/p>\n","protected":false},"featured_media":325089,"template":"","meta":{"_acf_changed":false,"site-sidebar-layout":"default","site-content-layout":"default","ast-site-content-layout":"default","site-content-style":"default","site-sidebar-style":"default","ast-global-header-display":"","ast-banner-title-visibility":"","ast-main-header-display":"","ast-hfb-above-header-display":"","ast-hfb-below-header-display":"","ast-hfb-mobile-header-display":"","site-post-title":"","ast-breadcrumbs-content":"","ast-featured-img":"","footer-sml-layout":"","ast-disable-related-posts":"","theme-transparent-header-meta":"default","adv-header-id-meta":"","stick-header-meta":"","header-above-stick-meta":"","header-main-stick-meta":"","header-below-stick-meta":"","astra-migrate-meta-layouts":"set","ast-page-background-enabled":"default","ast-page-background-meta":{"desktop":{"background-color":"","background-image":"","background-repeat":"repeat","background-position":"center center","background-size":"auto","background-attachment":"scroll","background-type":"","background-media":"","overlay-type":"","overlay-color":"","overlay-opacity":"","overlay-gradient":""},"tablet":{"background-color":"","background-image":"","background-repeat":"repeat","background-position":"center center","background-size":"auto","background-attachment":"scroll","background-type":"","background-media":"","overlay-type":"","overlay-color":"","overlay-opacity":"","overlay-gradient":""},"mobile":{"background-color":"","background-image":"","background-repeat":"repeat","background-position":"center center","background-size":"auto","background-attachment":"scroll","background-type":"","background-media":"","overlay-type":"","overlay-color":"","overlay-opacity":"","overlay-gradient":""}},"ast-content-background-meta":{"desktop":{"background-color":"var(--ast-global-color-5)","background-image":"","background-repeat":"repeat","background-position":"center center","background-size":"auto","background-attachment":"scroll","background-type":"","background-media":"","overlay-type":"","overlay-color":"","overlay-opacity":"","overlay-gradient":""},"tablet":{"background-color":"var(--ast-global-color-5)","background-image":"","background-repeat":"repeat","background-position":"center center","background-size":"auto","background-attachment":"scroll","background-type":"","background-media":"","overlay-type":"","overlay-color":"","overlay-opacity":"","overlay-gradient":""},"mobile":{"background-color":"var(--ast-global-color-5)","background-image":"","background-repeat":"repeat","background-position":"center center","background-size":"auto","background-attachment":"scroll","background-type":"","background-media":"","overlay-type":"","overlay-color":"","overlay-opacity":"","overlay-gradient":""}}},"product_brand":[],"product_cat":[645,564,669],"product_tag":[],"class_list":{"0":"post-539012","1":"product","2":"type-product","3":"status-publish","4":"has-post-thumbnail","6":"product_cat-silkeborg-havn-silkeborg-kanocenter-en","7":"product_cat-1-day-trip","8":"product_cat-luxury-packages","9":"desktop-align-left","10":"tablet-align-left","11":"mobile-align-left","12":"ast-product-gallery-layout-horizontal-slider","13":"ast-product-gallery-with-no-image","15":"first","16":"instock","17":"sold-individually","18":"taxable","19":"shipping-taxable","20":"purchasable","21":"product-type-booking"},"exclude_global_add_ons":true,"addons":[{"name":"Life jackets","type":"heading","position":0,"required":true,"title_format":"label","default":"","description_enable":true,"description":"Life jackets are mandatory for all sailors \u2013 please choose:","placeholder_enable":false,"placeholder":null,"display":"select","restrictions_type":"any_text","adjust_price":false,"price":"","price_type":"flat_fee","restrictions":false,"min":"0","max":"0","options":[],"id":1716803287},{"name":"Life jacket 3-15 kg","type":"input_multiplier","position":1,"required":false,"title_format":"label","default":"","description_enable":false,"description":null,"placeholder_enable":false,"placeholder":null,"display":"select","restrictions_type":"any_text","adjust_price":false,"price":"","price_type":"flat_fee","restrictions":false,"min":"0","max":"0","options":[],"id":1716803288},{"name":"Life jacket 15-20 kg","type":"input_multiplier","position":2,"required":false,"title_format":"label","default":"","description_enable":false,"description":null,"placeholder_enable":false,"placeholder":null,"display":"select","restrictions_type":"any_text","adjust_price":false,"price":"","price_type":"flat_fee","restrictions":false,"min":"0","max":"0","options":[],"id":1716803289},{"name":"Life jacket 20-30 kg","type":"input_multiplier","position":3,"required":false,"title_format":"label","default":"","description_enable":false,"description":null,"placeholder_enable":false,"placeholder":null,"display":"select","restrictions_type":"any_text","adjust_price":false,"price":"","price_type":"flat_fee","restrictions":false,"min":"0","max":"0","options":[],"id":1716803290},{"name":"Life jacket 30-40 kg","type":"input_multiplier","position":4,"required":false,"title_format":"label","default":"","description_enable":false,"description":null,"placeholder_enable":false,"placeholder":null,"display":"select","restrictions_type":"any_text","adjust_price":false,"price":"","price_type":"flat_fee","restrictions":false,"min":"0","max":"0","options":[],"id":1716803291},{"name":"Life jacket 40-60 kg","type":"input_multiplier","position":5,"required":false,"title_format":"label","default":"","description_enable":false,"description":null,"placeholder_enable":false,"placeholder":null,"display":"select","restrictions_type":"any_text","adjust_price":false,"price":"","price_type":"flat_fee","restrictions":false,"min":"0","max":"0","options":[],"id":1716803292},{"name":"Life jacket 60-90 kg","type":"input_multiplier","position":6,"required":false,"title_format":"label","default":"","description_enable":false,"description":null,"placeholder_enable":false,"placeholder":null,"display":"select","restrictions_type":"any_text","adjust_price":false,"price":"","price_type":"flat_fee","restrictions":false,"min":"0","max":"0","options":[],"id":1716803293},{"name":"Life jacket + 90 kg","type":"input_multiplier","position":7,"required":false,"title_format":"label","default":"","description_enable":false,"description":null,"placeholder_enable":false,"placeholder":null,"display":"select","restrictions_type":"any_text","adjust_price":false,"price":"","price_type":"flat_fee","restrictions":false,"min":"0","max":"0","options":[],"id":1716803294},{"name":"Bring the following number of vests yourself","type":"input_multiplier","position":8,"required":false,"title_format":"label","default":"","description_enable":false,"description":null,"placeholder_enable":false,"placeholder":null,"display":"select","restrictions_type":"any_text","adjust_price":false,"price":"","price_type":"flat_fee","restrictions":false,"min":"0","max":"0","options":[],"id":1716803295},{"name":"Vest sizes will be sent later","type":"checkbox","position":9,"required":false,"title_format":"label","default":"","description_enable":true,"description":"Vest sizes must be submitted and received no later than 3 days before the start of the trip","placeholder_enable":false,"placeholder":null,"display":"select","restrictions_type":"any_text","adjust_price":false,"price":"","price_type":"flat_fee","restrictions":false,"min":"0","max":"0","options":[{"label":"Yes","price":"","price_type":"flat_fee","image":0,"visibility":true}],"id":1716803296},{"name":"Departure time","type":"multiple_choice","position":10,"required":true,"title_format":"heading","default":"","description_enable":true,"description":"Expected departure time from starting point","placeholder_enable":false,"placeholder":null,"display":"select","restrictions_type":"any_text","adjust_price":false,"price":"","price_type":"flat_fee","restrictions":false,"min":"0","max":"0","options":[{"label":"9:00 AM","price":"","price_type":"flat_fee","image":0,"visibility":true},{"label":"9:30 AM","price":"","price_type":"flat_fee","image":0,"visibility":true},{"label":"10:00 AM","price":"","price_type":"flat_fee","image":0,"visibility":true},{"label":"10:30 AM","price":"","price_type":"flat_fee","image":0,"visibility":true},{"label":"11:00 AM","price":"","price_type":"flat_fee","image":0,"visibility":true},{"label":"11:30 AM","price":"","price_type":"flat_fee","image":0,"visibility":true},{"label":"12:00 PM","price":"","price_type":"flat_fee","image":0,"visibility":true},{"label":"12:30 PM","price":"","price_type":"flat_fee","image":0,"visibility":true},{"label":"1:00 PM","price":"","price_type":"flat_fee","image":0,"visibility":true},{"label":"1:30 PM","price":"","price_type":"flat_fee","image":0,"visibility":true},{"label":"2:00 PM","price":"","price_type":"flat_fee","image":0,"visibility":true},{"label":"2:30 PM","price":"","price_type":"flat_fee","image":0,"visibility":true},{"label":"3:00 PM","price":"","price_type":"flat_fee","image":0,"visibility":true}],"id":1716803297},{"name":"Extra equipment","type":"heading","position":11,"required":false,"title_format":"heading","default":"","description_enable":false,"description":null,"placeholder_enable":false,"placeholder":null,"display":"select","restrictions_type":"any_text","adjust_price":false,"price":"","price_type":"flat_fee","restrictions":false,"min":"0","max":"0","options":[],"id":1716803298},{"name":"Luggage barrel with lid rental","type":"input_multiplier","position":12,"required":false,"title_format":"label","default":"","description_enable":true,"description":"<img src=\"https:\/\/www.silkeborgkanocenter.dk\/wp-content\/uploads\/2019\/06\/opbevaringstonde-med-lag-60-liter-300x300.jpg\">Capacity: 60 liters - Dimensions: 63x37cm - Material: Plastic\n\n<div class=\"luksuspris\"> DKK 50.00 per piece<\/div>","placeholder_enable":false,"placeholder":null,"display":"select","restrictions_type":"any_text","adjust_price":false,"price":"50","price_type":"quantity_based","restrictions":false,"min":"0","max":"0","options":[],"id":1716803299},{"name":"Waterproof Dry Bag Large - Sold Out","type":"input_multiplier","position":13,"required":false,"title_format":"label","default":"","description_enable":true,"description":"<img src=\"https:\/\/www.silkeborgkanocenter.dk\/wp-content\/uploads\/2019\/06\/pakpose-300x300.jpeg\">Volume: 36 liters - Size: 30x30x61cm. - Material: -100% Polyester \n\n<div class=\"luksuspris\"> DKK 95.00 per piece<\/div>","placeholder_enable":false,"placeholder":null,"display":"select","restrictions_type":"any_text","adjust_price":false,"price":"90","price_type":"quantity_based","restrictions":false,"min":"0","max":"0","options":[],"id":1716803300},{"name":"Waterproof Dry Bag Small - Sold Out","type":"input_multiplier","position":14,"required":false,"title_format":"label","default":"","description_enable":true,"description":"<img src=\"https:\/\/www.silkeborgkanocenter.dk\/wp-content\/uploads\/2019\/06\/pakpose_s-300x300.jpeg\">Volume: 6 liters - Size: 18x18x35cm. - Material: 100% Polyester \n\n<div class=\"luksuspris\"> DKK 75.00 per piece<\/div>","placeholder_enable":false,"placeholder":null,"display":"select","restrictions_type":"any_text","adjust_price":false,"price":"70","price_type":"quantity_based","restrictions":false,"min":"0","max":"0","options":[],"id":1716803301},{"name":"Waterproof Smartphone Case - Sold Out","type":"input_multiplier","position":15,"required":false,"title_format":"label","default":"","description_enable":true,"description":"<img src=\"https:\/\/www.silkeborgkanocenter.dk\/wp-content\/uploads\/2019\/06\/smartphone-300x300.jpeg\">Size 22.5x11.5cm. The phone can be operated when it is in the case. Waterproof down to 1 meter.  \n\n<div class=\"luksuspris\"> DKK 65.00 per item<\/div>","placeholder_enable":false,"placeholder":null,"display":"select","restrictions_type":"any_text","adjust_price":false,"price":"50","price_type":"quantity_based","restrictions":false,"min":"0","max":"0","options":[],"id":1716803302},{"name":"Fishing net for children","type":"input_multiplier","position":16,"required":false,"title_format":"label","default":"","description_enable":true,"description":"<img src=\"https:\/\/www.silkeborgkanocenter.dk\/wp-content\/uploads\/2019\/09\/fiskenet-.jpg\">Telescopic rod 52-129cm. Cm. \u00d830 - A specific color cannot be booked.  \n\n<div class=\"luksuspris\"> DKK 30.00 per piece<\/div>","placeholder_enable":false,"placeholder":null,"display":"select","restrictions_type":"any_text","adjust_price":false,"price":"30","price_type":"quantity_based","restrictions":false,"min":"0","max":"0","options":[],"id":1716803303},{"name":"Rain poncho","type":"input_multiplier","position":17,"required":false,"title_format":"label","default":"","description_enable":true,"description":"<img src=\"https:\/\/www.silkeborgkanocenter.dk\/wp-content\/uploads\/2021\/02\/Regnponcho.jpg\">Waterproof, lightweight material, one size - A specific color cannot be booked.\n\n<div class=\"luksuspris\"> DKK 20.00 per piece<\/div>","placeholder_enable":false,"placeholder":null,"display":"select","restrictions_type":"any_text","adjust_price":false,"price":"20","price_type":"quantity_based","restrictions":false,"min":"0","max":"0","options":[],"id":1716803304}],"acf":[],"yoast_head":"<!-- This site is optimized with the Yoast SEO plugin v27.2 - https:\/\/yoast.com\/product\/yoast-seo-wordpress\/ -->\n<title>Luxury Package (Hotel Dania) - Silkeborg round trip - Silkeborg Kanocenter<\/title>\n<meta name=\"robots\" content=\"index, follow, max-snippet:-1, max-image-preview:large, max-video-preview:-1\" \/>\n<link rel=\"canonical\" href=\"https:\/\/www.silkeborgkanocenter.dk\/en\/booking\/luxury-package-hotel-dania-silkeborg-round-trip\/\" \/>\n<meta property=\"og:locale\" content=\"en_US\" \/>\n<meta property=\"og:type\" content=\"article\" \/>\n<meta property=\"og:title\" content=\"Luxury Package (Hotel Dania) - Silkeborg round trip - Silkeborg Kanocenter\" \/>\n<meta property=\"og:description\" content=\"Starting point: Silkeborg Havn \/ Silkeborg Kanocenter, \u00d8stergade 36, 8600 Silkeborg Ending point: Silkeborg Havn \/ Silkeborg Kanocenter, \u00d8stergade 36,&hellip; L\u00e6s mere Luxury Package (Hotel Dania) &#8211; Silkeborg round trip\" \/>\n<meta property=\"og:url\" content=\"https:\/\/www.silkeborgkanocenter.dk\/en\/booking\/luxury-package-hotel-dania-silkeborg-round-trip\/\" \/>\n<meta property=\"og:site_name\" content=\"Silkeborg Kanocenter\" \/>\n<meta property=\"article:modified_time\" content=\"2026-02-02T13:02:19+00:00\" \/>\n<meta property=\"og:image\" content=\"https:\/\/www.silkeborgkanocenter.dk\/wp-content\/uploads\/2019\/05\/home-banner.jpg\" \/>\n\t<meta property=\"og:image:width\" content=\"2000\" \/>\n\t<meta property=\"og:image:height\" content=\"1500\" \/>\n\t<meta property=\"og:image:type\" content=\"image\/jpeg\" \/>\n<meta name=\"twitter:card\" content=\"summary_large_image\" \/>\n<meta name=\"twitter:label1\" content=\"Est. reading time\" \/>\n\t<meta name=\"twitter:data1\" content=\"1 minute\" \/>\n<script type=\"application\/ld+json\" class=\"yoast-schema-graph\">{\"@context\":\"https:\/\/schema.org\",\"@graph\":[{\"@type\":\"WebPage\",\"@id\":\"https:\/\/www.silkeborgkanocenter.dk\/en\/booking\/luxury-package-hotel-dania-silkeborg-round-trip\/\",\"url\":\"https:\/\/www.silkeborgkanocenter.dk\/en\/booking\/luxury-package-hotel-dania-silkeborg-round-trip\/\",\"name\":\"Luxury Package (Hotel Dania) - Silkeborg round trip - Silkeborg Kanocenter\",\"isPartOf\":{\"@id\":\"https:\/\/www.silkeborgkanocenter.dk\/en\/#website\"},\"primaryImageOfPage\":{\"@id\":\"https:\/\/www.silkeborgkanocenter.dk\/en\/booking\/luxury-package-hotel-dania-silkeborg-round-trip\/#primaryimage\"},\"image\":{\"@id\":\"https:\/\/www.silkeborgkanocenter.dk\/en\/booking\/luxury-package-hotel-dania-silkeborg-round-trip\/#primaryimage\"},\"thumbnailUrl\":\"https:\/\/www.silkeborgkanocenter.dk\/wp-content\/uploads\/2019\/05\/home-banner.jpg\",\"datePublished\":\"2019-12-28T10:18:58+00:00\",\"dateModified\":\"2026-02-02T13:02:19+00:00\",\"breadcrumb\":{\"@id\":\"https:\/\/www.silkeborgkanocenter.dk\/en\/booking\/luxury-package-hotel-dania-silkeborg-round-trip\/#breadcrumb\"},\"inLanguage\":\"en-US\",\"potentialAction\":[{\"@type\":\"ReadAction\",\"target\":[\"https:\/\/www.silkeborgkanocenter.dk\/en\/booking\/luxury-package-hotel-dania-silkeborg-round-trip\/\"]}]},{\"@type\":\"ImageObject\",\"inLanguage\":\"en-US\",\"@id\":\"https:\/\/www.silkeborgkanocenter.dk\/en\/booking\/luxury-package-hotel-dania-silkeborg-round-trip\/#primaryimage\",\"url\":\"https:\/\/www.silkeborgkanocenter.dk\/wp-content\/uploads\/2019\/05\/home-banner.jpg\",\"contentUrl\":\"https:\/\/www.silkeborgkanocenter.dk\/wp-content\/uploads\/2019\/05\/home-banner.jpg\",\"width\":2000,\"height\":1500},{\"@type\":\"BreadcrumbList\",\"@id\":\"https:\/\/www.silkeborgkanocenter.dk\/en\/booking\/luxury-package-hotel-dania-silkeborg-round-trip\/#breadcrumb\",\"itemListElement\":[{\"@type\":\"ListItem\",\"position\":1,\"name\":\"Home\",\"item\":\"https:\/\/www.silkeborgkanocenter.dk\/en\/\"},{\"@type\":\"ListItem\",\"position\":2,\"name\":\"Products\",\"item\":\"https:\/\/www.silkeborgkanocenter.dk\/en\/shop\/\"},{\"@type\":\"ListItem\",\"position\":3,\"name\":\"Luxury Package (Hotel Dania) &#8211; Silkeborg round trip\"}]},{\"@type\":\"WebSite\",\"@id\":\"https:\/\/www.silkeborgkanocenter.dk\/en\/#website\",\"url\":\"https:\/\/www.silkeborgkanocenter.dk\/en\/\",\"name\":\"Silkeborg Kanocenter\",\"description\":\"St\u00f8rste Kano- &amp; Kajakudlejer p\u00e5 Guden\u00e5en\",\"publisher\":{\"@id\":\"https:\/\/www.silkeborgkanocenter.dk\/en\/#organization\"},\"potentialAction\":[{\"@type\":\"SearchAction\",\"target\":{\"@type\":\"EntryPoint\",\"urlTemplate\":\"https:\/\/www.silkeborgkanocenter.dk\/en\/?s={search_term_string}\"},\"query-input\":{\"@type\":\"PropertyValueSpecification\",\"valueRequired\":true,\"valueName\":\"search_term_string\"}}],\"inLanguage\":\"en-US\"},{\"@type\":\"Organization\",\"@id\":\"https:\/\/www.silkeborgkanocenter.dk\/en\/#organization\",\"name\":\"Silkeborg Kanocenter\",\"url\":\"https:\/\/www.silkeborgkanocenter.dk\/en\/\",\"logo\":{\"@type\":\"ImageObject\",\"inLanguage\":\"en-US\",\"@id\":\"https:\/\/www.silkeborgkanocenter.dk\/en\/#\/schema\/logo\/image\/\",\"url\":\"https:\/\/www.silkeborgkanocenter.dk\/wp-content\/uploads\/2019\/06\/silkeborg-kanocenter-logo-outlined-transparent.png\",\"contentUrl\":\"https:\/\/www.silkeborgkanocenter.dk\/wp-content\/uploads\/2019\/06\/silkeborg-kanocenter-logo-outlined-transparent.png\",\"width\":1000,\"height\":1000,\"caption\":\"Silkeborg Kanocenter\"},\"image\":{\"@id\":\"https:\/\/www.silkeborgkanocenter.dk\/en\/#\/schema\/logo\/image\/\"}}]}<\/script>\n<!-- \/ Yoast SEO plugin. -->","yoast_head_json":{"title":"Luxury Package (Hotel Dania) - Silkeborg round trip - Silkeborg Kanocenter","robots":{"index":"index","follow":"follow","max-snippet":"max-snippet:-1","max-image-preview":"max-image-preview:large","max-video-preview":"max-video-preview:-1"},"canonical":"https:\/\/www.silkeborgkanocenter.dk\/en\/booking\/luxury-package-hotel-dania-silkeborg-round-trip\/","og_locale":"en_US","og_type":"article","og_title":"Luxury Package (Hotel Dania) - Silkeborg round trip - Silkeborg Kanocenter","og_description":"Starting point: Silkeborg Havn \/ Silkeborg Kanocenter, \u00d8stergade 36, 8600 Silkeborg Ending point: Silkeborg Havn \/ Silkeborg Kanocenter, \u00d8stergade 36,&hellip; L\u00e6s mere Luxury Package (Hotel Dania) &#8211; Silkeborg round trip","og_url":"https:\/\/www.silkeborgkanocenter.dk\/en\/booking\/luxury-package-hotel-dania-silkeborg-round-trip\/","og_site_name":"Silkeborg Kanocenter","article_modified_time":"2026-02-02T13:02:19+00:00","og_image":[{"width":2000,"height":1500,"url":"https:\/\/www.silkeborgkanocenter.dk\/wp-content\/uploads\/2019\/05\/home-banner.jpg","type":"image\/jpeg"}],"twitter_card":"summary_large_image","twitter_misc":{"Est. reading time":"1 minute"},"schema":{"@context":"https:\/\/schema.org","@graph":[{"@type":"WebPage","@id":"https:\/\/www.silkeborgkanocenter.dk\/en\/booking\/luxury-package-hotel-dania-silkeborg-round-trip\/","url":"https:\/\/www.silkeborgkanocenter.dk\/en\/booking\/luxury-package-hotel-dania-silkeborg-round-trip\/","name":"Luxury Package (Hotel Dania) - Silkeborg round trip - Silkeborg Kanocenter","isPartOf":{"@id":"https:\/\/www.silkeborgkanocenter.dk\/en\/#website"},"primaryImageOfPage":{"@id":"https:\/\/www.silkeborgkanocenter.dk\/en\/booking\/luxury-package-hotel-dania-silkeborg-round-trip\/#primaryimage"},"image":{"@id":"https:\/\/www.silkeborgkanocenter.dk\/en\/booking\/luxury-package-hotel-dania-silkeborg-round-trip\/#primaryimage"},"thumbnailUrl":"https:\/\/www.silkeborgkanocenter.dk\/wp-content\/uploads\/2019\/05\/home-banner.jpg","datePublished":"2019-12-28T10:18:58+00:00","dateModified":"2026-02-02T13:02:19+00:00","breadcrumb":{"@id":"https:\/\/www.silkeborgkanocenter.dk\/en\/booking\/luxury-package-hotel-dania-silkeborg-round-trip\/#breadcrumb"},"inLanguage":"en-US","potentialAction":[{"@type":"ReadAction","target":["https:\/\/www.silkeborgkanocenter.dk\/en\/booking\/luxury-package-hotel-dania-silkeborg-round-trip\/"]}]},{"@type":"ImageObject","inLanguage":"en-US","@id":"https:\/\/www.silkeborgkanocenter.dk\/en\/booking\/luxury-package-hotel-dania-silkeborg-round-trip\/#primaryimage","url":"https:\/\/www.silkeborgkanocenter.dk\/wp-content\/uploads\/2019\/05\/home-banner.jpg","contentUrl":"https:\/\/www.silkeborgkanocenter.dk\/wp-content\/uploads\/2019\/05\/home-banner.jpg","width":2000,"height":1500},{"@type":"BreadcrumbList","@id":"https:\/\/www.silkeborgkanocenter.dk\/en\/booking\/luxury-package-hotel-dania-silkeborg-round-trip\/#breadcrumb","itemListElement":[{"@type":"ListItem","position":1,"name":"Home","item":"https:\/\/www.silkeborgkanocenter.dk\/en\/"},{"@type":"ListItem","position":2,"name":"Products","item":"https:\/\/www.silkeborgkanocenter.dk\/en\/shop\/"},{"@type":"ListItem","position":3,"name":"Luxury Package (Hotel Dania) &#8211; Silkeborg round trip"}]},{"@type":"WebSite","@id":"https:\/\/www.silkeborgkanocenter.dk\/en\/#website","url":"https:\/\/www.silkeborgkanocenter.dk\/en\/","name":"Silkeborg Kanocenter","description":"St\u00f8rste Kano- &amp; Kajakudlejer p\u00e5 Guden\u00e5en","publisher":{"@id":"https:\/\/www.silkeborgkanocenter.dk\/en\/#organization"},"potentialAction":[{"@type":"SearchAction","target":{"@type":"EntryPoint","urlTemplate":"https:\/\/www.silkeborgkanocenter.dk\/en\/?s={search_term_string}"},"query-input":{"@type":"PropertyValueSpecification","valueRequired":true,"valueName":"search_term_string"}}],"inLanguage":"en-US"},{"@type":"Organization","@id":"https:\/\/www.silkeborgkanocenter.dk\/en\/#organization","name":"Silkeborg Kanocenter","url":"https:\/\/www.silkeborgkanocenter.dk\/en\/","logo":{"@type":"ImageObject","inLanguage":"en-US","@id":"https:\/\/www.silkeborgkanocenter.dk\/en\/#\/schema\/logo\/image\/","url":"https:\/\/www.silkeborgkanocenter.dk\/wp-content\/uploads\/2019\/06\/silkeborg-kanocenter-logo-outlined-transparent.png","contentUrl":"https:\/\/www.silkeborgkanocenter.dk\/wp-content\/uploads\/2019\/06\/silkeborg-kanocenter-logo-outlined-transparent.png","width":1000,"height":1000,"caption":"Silkeborg Kanocenter"},"image":{"@id":"https:\/\/www.silkeborgkanocenter.dk\/en\/#\/schema\/logo\/image\/"}}]}},"_links":{"self":[{"href":"https:\/\/www.silkeborgkanocenter.dk\/en\/wp-json\/wp\/v2\/product\/539012","targetHints":{"allow":["GET"]}}],"collection":[{"href":"https:\/\/www.silkeborgkanocenter.dk\/en\/wp-json\/wp\/v2\/product"}],"about":[{"href":"https:\/\/www.silkeborgkanocenter.dk\/en\/wp-json\/wp\/v2\/types\/product"}],"wp:featuredmedia":[{"embeddable":true,"href":"https:\/\/www.silkeborgkanocenter.dk\/en\/wp-json\/wp\/v2\/media\/325089"}],"wp:attachment":[{"href":"https:\/\/www.silkeborgkanocenter.dk\/en\/wp-json\/wp\/v2\/media?parent=539012"}],"wp:term":[{"taxonomy":"product_brand","embeddable":true,"href":"https:\/\/www.silkeborgkanocenter.dk\/en\/wp-json\/wp\/v2\/product_brand?post=539012"},{"taxonomy":"product_cat","embeddable":true,"href":"https:\/\/www.silkeborgkanocenter.dk\/en\/wp-json\/wp\/v2\/product_cat?post=539012"},{"taxonomy":"product_tag","embeddable":true,"href":"https:\/\/www.silkeborgkanocenter.dk\/en\/wp-json\/wp\/v2\/product_tag?post=539012"}],"curies":[{"name":"wp","href":"https:\/\/api.w.org\/{rel}","templated":true}]}}