{"id":514897,"date":"2019-12-28T14:03:30","date_gmt":"2019-12-28T13:03:30","guid":{"rendered":"https:\/\/www.silkeborgkanocenter.dk\/booking\/family-package-3-days-astedbro-to-ry\/"},"modified":"2025-10-09T17:25:14","modified_gmt":"2025-10-09T15:25:14","slug":"family-package-3-days-astedbro-to-ry","status":"publish","type":"product","link":"https:\/\/www.silkeborgkanocenter.dk\/en\/booking\/family-package-3-days-astedbro-to-ry\/","title":{"rendered":"Family package 3 days &#8211; \u00c5stedbro to Ry"},"content":{"rendered":"<p><strong>Starting point:<\/strong> \u00c5stedbro Teltplads, Nr. Snedevej 140, 8763 Rask M\u00f8lle <\/p>\n<p><strong>End location:<\/strong> Ry \/ Skimmingh\u00f8j Teltplads, Siimtoften 17, 8680 Ry<\/p>\n<p>The canoe\/kayak is ready from the starting point at 9:00 and must arrive at the final destination no later than 16:00. You can always change the final destination by phone until 12:00 on the last day of the trip.  <\/p>\n<p>A fantastic 3-day trip with 2 overnight stays along the way at Guden\u00e5 Camping and Voervadsbro Teltplads, where both sites have a pitched tent ready for you on arrival. The price includes canoe\/kayak rental, tent and accommodation fee. <\/p>\n<p>Please note that dogs are not allowed on this tour.<\/p>\n","protected":false},"excerpt":{"rendered":"<p>Starting point: \u00c5stedbro Teltplads, Nr. Snedevej 140, 8763 Rask M\u00f8lle End location: Ry \/ Skimmingh\u00f8j Teltplads, Siimtoften 17, 8680 Ry&hellip; <a class=\"continue\" href=\"https:\/\/www.silkeborgkanocenter.dk\/en\/booking\/family-package-3-days-astedbro-to-ry\/\">L\u00e6s mere<span> Family package 3 days &#8211; \u00c5stedbro to Ry<\/span><\/a><\/p>\n","protected":false},"featured_media":325089,"template":"","meta":{"_acf_changed":false,"site-sidebar-layout":"default","site-content-layout":"default","ast-site-content-layout":"default","site-content-style":"default","site-sidebar-style":"default","ast-global-header-display":"","ast-banner-title-visibility":"","ast-main-header-display":"","ast-hfb-above-header-display":"","ast-hfb-below-header-display":"","ast-hfb-mobile-header-display":"","site-post-title":"","ast-breadcrumbs-content":"","ast-featured-img":"","footer-sml-layout":"","ast-disable-related-posts":"","theme-transparent-header-meta":"default","adv-header-id-meta":"","stick-header-meta":"","header-above-stick-meta":"","header-main-stick-meta":"","header-below-stick-meta":"","astra-migrate-meta-layouts":"default","ast-page-background-enabled":"default","ast-page-background-meta":{"desktop":{"background-color":"","background-image":"","background-repeat":"repeat","background-position":"center center","background-size":"auto","background-attachment":"scroll","background-type":"","background-media":"","overlay-type":"","overlay-color":"","overlay-opacity":"","overlay-gradient":""},"tablet":{"background-color":"","background-image":"","background-repeat":"repeat","background-position":"center center","background-size":"auto","background-attachment":"scroll","background-type":"","background-media":"","overlay-type":"","overlay-color":"","overlay-opacity":"","overlay-gradient":""},"mobile":{"background-color":"","background-image":"","background-repeat":"repeat","background-position":"center center","background-size":"auto","background-attachment":"scroll","background-type":"","background-media":"","overlay-type":"","overlay-color":"","overlay-opacity":"","overlay-gradient":""}},"ast-content-background-meta":{"desktop":{"background-color":"var(--ast-global-color-5)","background-image":"","background-repeat":"repeat","background-position":"center center","background-size":"auto","background-attachment":"scroll","background-type":"","background-media":"","overlay-type":"","overlay-color":"","overlay-opacity":"","overlay-gradient":""},"tablet":{"background-color":"var(--ast-global-color-5)","background-image":"","background-repeat":"repeat","background-position":"center center","background-size":"auto","background-attachment":"scroll","background-type":"","background-media":"","overlay-type":"","overlay-color":"","overlay-opacity":"","overlay-gradient":""},"mobile":{"background-color":"var(--ast-global-color-5)","background-image":"","background-repeat":"repeat","background-position":"center center","background-size":"auto","background-attachment":"scroll","background-type":"","background-media":"","overlay-type":"","overlay-color":"","overlay-opacity":"","overlay-gradient":""}}},"product_brand":[],"product_cat":[617,534,666,667],"product_tag":[574,760,541],"class_list":{"0":"post-514897","1":"product","2":"type-product","3":"status-publish","4":"has-post-thumbnail","6":"product_cat-aastedbro-teltplads","7":"product_cat-3-day-trip","8":"product_cat-family-packages","9":"product_cat-3-days","10":"product_tag-astedbro-teltplads","11":"product_tag-family","12":"product_tag-ry-skimminghoej-teltplads-en","13":"desktop-align-left","14":"tablet-align-left","15":"mobile-align-left","16":"ast-product-gallery-layout-horizontal-slider","17":"ast-product-gallery-with-no-image","19":"first","20":"instock","21":"sold-individually","22":"taxable","23":"shipping-taxable","24":"purchasable","25":"product-type-booking"},"exclude_global_add_ons":false,"addons":[],"acf":[],"yoast_head":"<!-- This site is optimized with the Yoast SEO plugin v27.2 - https:\/\/yoast.com\/product\/yoast-seo-wordpress\/ -->\n<title>Family package 3 days - \u00c5stedbro to Ry - Silkeborg Kanocenter<\/title>\n<meta name=\"robots\" content=\"index, follow, max-snippet:-1, max-image-preview:large, max-video-preview:-1\" \/>\n<link rel=\"canonical\" href=\"https:\/\/www.silkeborgkanocenter.dk\/en\/booking\/family-package-3-days-astedbro-to-ry\/\" \/>\n<meta property=\"og:locale\" content=\"en_US\" \/>\n<meta property=\"og:type\" content=\"article\" \/>\n<meta property=\"og:title\" content=\"Family package 3 days - \u00c5stedbro to Ry - Silkeborg Kanocenter\" \/>\n<meta property=\"og:description\" content=\"Starting point: \u00c5stedbro Teltplads, Nr. Snedevej 140, 8763 Rask M\u00f8lle End location: Ry \/ Skimmingh\u00f8j Teltplads, Siimtoften 17, 8680 Ry&hellip; L\u00e6s mere Family package 3 days &#8211; \u00c5stedbro to Ry\" \/>\n<meta property=\"og:url\" content=\"https:\/\/www.silkeborgkanocenter.dk\/en\/booking\/family-package-3-days-astedbro-to-ry\/\" \/>\n<meta property=\"og:site_name\" content=\"Silkeborg Kanocenter\" \/>\n<meta property=\"article:modified_time\" content=\"2025-10-09T15:25:14+00:00\" \/>\n<meta property=\"og:image\" content=\"https:\/\/www.silkeborgkanocenter.dk\/wp-content\/uploads\/2019\/05\/home-banner.jpg\" \/>\n\t<meta property=\"og:image:width\" content=\"2000\" \/>\n\t<meta property=\"og:image:height\" content=\"1500\" \/>\n\t<meta property=\"og:image:type\" content=\"image\/jpeg\" \/>\n<meta name=\"twitter:card\" content=\"summary_large_image\" \/>\n<meta name=\"twitter:label1\" content=\"Est. reading time\" \/>\n\t<meta name=\"twitter:data1\" content=\"1 minute\" \/>\n<script type=\"application\/ld+json\" class=\"yoast-schema-graph\">{\"@context\":\"https:\/\/schema.org\",\"@graph\":[{\"@type\":\"WebPage\",\"@id\":\"https:\/\/www.silkeborgkanocenter.dk\/en\/booking\/family-package-3-days-astedbro-to-ry\/\",\"url\":\"https:\/\/www.silkeborgkanocenter.dk\/en\/booking\/family-package-3-days-astedbro-to-ry\/\",\"name\":\"Family package 3 days - \u00c5stedbro to Ry - Silkeborg Kanocenter\",\"isPartOf\":{\"@id\":\"https:\/\/www.silkeborgkanocenter.dk\/en\/#website\"},\"primaryImageOfPage\":{\"@id\":\"https:\/\/www.silkeborgkanocenter.dk\/en\/booking\/family-package-3-days-astedbro-to-ry\/#primaryimage\"},\"image\":{\"@id\":\"https:\/\/www.silkeborgkanocenter.dk\/en\/booking\/family-package-3-days-astedbro-to-ry\/#primaryimage\"},\"thumbnailUrl\":\"https:\/\/www.silkeborgkanocenter.dk\/wp-content\/uploads\/2019\/05\/home-banner.jpg\",\"datePublished\":\"2019-12-28T13:03:30+00:00\",\"dateModified\":\"2025-10-09T15:25:14+00:00\",\"breadcrumb\":{\"@id\":\"https:\/\/www.silkeborgkanocenter.dk\/en\/booking\/family-package-3-days-astedbro-to-ry\/#breadcrumb\"},\"inLanguage\":\"en-US\",\"potentialAction\":[{\"@type\":\"ReadAction\",\"target\":[\"https:\/\/www.silkeborgkanocenter.dk\/en\/booking\/family-package-3-days-astedbro-to-ry\/\"]}]},{\"@type\":\"ImageObject\",\"inLanguage\":\"en-US\",\"@id\":\"https:\/\/www.silkeborgkanocenter.dk\/en\/booking\/family-package-3-days-astedbro-to-ry\/#primaryimage\",\"url\":\"https:\/\/www.silkeborgkanocenter.dk\/wp-content\/uploads\/2019\/05\/home-banner.jpg\",\"contentUrl\":\"https:\/\/www.silkeborgkanocenter.dk\/wp-content\/uploads\/2019\/05\/home-banner.jpg\",\"width\":2000,\"height\":1500},{\"@type\":\"BreadcrumbList\",\"@id\":\"https:\/\/www.silkeborgkanocenter.dk\/en\/booking\/family-package-3-days-astedbro-to-ry\/#breadcrumb\",\"itemListElement\":[{\"@type\":\"ListItem\",\"position\":1,\"name\":\"Home\",\"item\":\"https:\/\/www.silkeborgkanocenter.dk\/en\/\"},{\"@type\":\"ListItem\",\"position\":2,\"name\":\"Products\",\"item\":\"https:\/\/www.silkeborgkanocenter.dk\/en\/shop\/\"},{\"@type\":\"ListItem\",\"position\":3,\"name\":\"Family package 3 days &#8211; \u00c5stedbro to Ry\"}]},{\"@type\":\"WebSite\",\"@id\":\"https:\/\/www.silkeborgkanocenter.dk\/en\/#website\",\"url\":\"https:\/\/www.silkeborgkanocenter.dk\/en\/\",\"name\":\"Silkeborg Kanocenter\",\"description\":\"St\u00f8rste Kano- &amp; Kajakudlejer p\u00e5 Guden\u00e5en\",\"publisher\":{\"@id\":\"https:\/\/www.silkeborgkanocenter.dk\/en\/#organization\"},\"potentialAction\":[{\"@type\":\"SearchAction\",\"target\":{\"@type\":\"EntryPoint\",\"urlTemplate\":\"https:\/\/www.silkeborgkanocenter.dk\/en\/?s={search_term_string}\"},\"query-input\":{\"@type\":\"PropertyValueSpecification\",\"valueRequired\":true,\"valueName\":\"search_term_string\"}}],\"inLanguage\":\"en-US\"},{\"@type\":\"Organization\",\"@id\":\"https:\/\/www.silkeborgkanocenter.dk\/en\/#organization\",\"name\":\"Silkeborg Kanocenter\",\"url\":\"https:\/\/www.silkeborgkanocenter.dk\/en\/\",\"logo\":{\"@type\":\"ImageObject\",\"inLanguage\":\"en-US\",\"@id\":\"https:\/\/www.silkeborgkanocenter.dk\/en\/#\/schema\/logo\/image\/\",\"url\":\"https:\/\/www.silkeborgkanocenter.dk\/wp-content\/uploads\/2019\/06\/silkeborg-kanocenter-logo-outlined-transparent.png\",\"contentUrl\":\"https:\/\/www.silkeborgkanocenter.dk\/wp-content\/uploads\/2019\/06\/silkeborg-kanocenter-logo-outlined-transparent.png\",\"width\":1000,\"height\":1000,\"caption\":\"Silkeborg Kanocenter\"},\"image\":{\"@id\":\"https:\/\/www.silkeborgkanocenter.dk\/en\/#\/schema\/logo\/image\/\"}}]}<\/script>\n<!-- \/ Yoast SEO plugin. -->","yoast_head_json":{"title":"Family package 3 days - \u00c5stedbro to Ry - Silkeborg Kanocenter","robots":{"index":"index","follow":"follow","max-snippet":"max-snippet:-1","max-image-preview":"max-image-preview:large","max-video-preview":"max-video-preview:-1"},"canonical":"https:\/\/www.silkeborgkanocenter.dk\/en\/booking\/family-package-3-days-astedbro-to-ry\/","og_locale":"en_US","og_type":"article","og_title":"Family package 3 days - \u00c5stedbro to Ry - Silkeborg Kanocenter","og_description":"Starting point: \u00c5stedbro Teltplads, Nr. Snedevej 140, 8763 Rask M\u00f8lle End location: Ry \/ Skimmingh\u00f8j Teltplads, Siimtoften 17, 8680 Ry&hellip; L\u00e6s mere Family package 3 days &#8211; \u00c5stedbro to Ry","og_url":"https:\/\/www.silkeborgkanocenter.dk\/en\/booking\/family-package-3-days-astedbro-to-ry\/","og_site_name":"Silkeborg Kanocenter","article_modified_time":"2025-10-09T15:25:14+00:00","og_image":[{"width":2000,"height":1500,"url":"https:\/\/www.silkeborgkanocenter.dk\/wp-content\/uploads\/2019\/05\/home-banner.jpg","type":"image\/jpeg"}],"twitter_card":"summary_large_image","twitter_misc":{"Est. reading time":"1 minute"},"schema":{"@context":"https:\/\/schema.org","@graph":[{"@type":"WebPage","@id":"https:\/\/www.silkeborgkanocenter.dk\/en\/booking\/family-package-3-days-astedbro-to-ry\/","url":"https:\/\/www.silkeborgkanocenter.dk\/en\/booking\/family-package-3-days-astedbro-to-ry\/","name":"Family package 3 days - \u00c5stedbro to Ry - Silkeborg Kanocenter","isPartOf":{"@id":"https:\/\/www.silkeborgkanocenter.dk\/en\/#website"},"primaryImageOfPage":{"@id":"https:\/\/www.silkeborgkanocenter.dk\/en\/booking\/family-package-3-days-astedbro-to-ry\/#primaryimage"},"image":{"@id":"https:\/\/www.silkeborgkanocenter.dk\/en\/booking\/family-package-3-days-astedbro-to-ry\/#primaryimage"},"thumbnailUrl":"https:\/\/www.silkeborgkanocenter.dk\/wp-content\/uploads\/2019\/05\/home-banner.jpg","datePublished":"2019-12-28T13:03:30+00:00","dateModified":"2025-10-09T15:25:14+00:00","breadcrumb":{"@id":"https:\/\/www.silkeborgkanocenter.dk\/en\/booking\/family-package-3-days-astedbro-to-ry\/#breadcrumb"},"inLanguage":"en-US","potentialAction":[{"@type":"ReadAction","target":["https:\/\/www.silkeborgkanocenter.dk\/en\/booking\/family-package-3-days-astedbro-to-ry\/"]}]},{"@type":"ImageObject","inLanguage":"en-US","@id":"https:\/\/www.silkeborgkanocenter.dk\/en\/booking\/family-package-3-days-astedbro-to-ry\/#primaryimage","url":"https:\/\/www.silkeborgkanocenter.dk\/wp-content\/uploads\/2019\/05\/home-banner.jpg","contentUrl":"https:\/\/www.silkeborgkanocenter.dk\/wp-content\/uploads\/2019\/05\/home-banner.jpg","width":2000,"height":1500},{"@type":"BreadcrumbList","@id":"https:\/\/www.silkeborgkanocenter.dk\/en\/booking\/family-package-3-days-astedbro-to-ry\/#breadcrumb","itemListElement":[{"@type":"ListItem","position":1,"name":"Home","item":"https:\/\/www.silkeborgkanocenter.dk\/en\/"},{"@type":"ListItem","position":2,"name":"Products","item":"https:\/\/www.silkeborgkanocenter.dk\/en\/shop\/"},{"@type":"ListItem","position":3,"name":"Family package 3 days &#8211; \u00c5stedbro to Ry"}]},{"@type":"WebSite","@id":"https:\/\/www.silkeborgkanocenter.dk\/en\/#website","url":"https:\/\/www.silkeborgkanocenter.dk\/en\/","name":"Silkeborg Kanocenter","description":"St\u00f8rste Kano- &amp; Kajakudlejer p\u00e5 Guden\u00e5en","publisher":{"@id":"https:\/\/www.silkeborgkanocenter.dk\/en\/#organization"},"potentialAction":[{"@type":"SearchAction","target":{"@type":"EntryPoint","urlTemplate":"https:\/\/www.silkeborgkanocenter.dk\/en\/?s={search_term_string}"},"query-input":{"@type":"PropertyValueSpecification","valueRequired":true,"valueName":"search_term_string"}}],"inLanguage":"en-US"},{"@type":"Organization","@id":"https:\/\/www.silkeborgkanocenter.dk\/en\/#organization","name":"Silkeborg Kanocenter","url":"https:\/\/www.silkeborgkanocenter.dk\/en\/","logo":{"@type":"ImageObject","inLanguage":"en-US","@id":"https:\/\/www.silkeborgkanocenter.dk\/en\/#\/schema\/logo\/image\/","url":"https:\/\/www.silkeborgkanocenter.dk\/wp-content\/uploads\/2019\/06\/silkeborg-kanocenter-logo-outlined-transparent.png","contentUrl":"https:\/\/www.silkeborgkanocenter.dk\/wp-content\/uploads\/2019\/06\/silkeborg-kanocenter-logo-outlined-transparent.png","width":1000,"height":1000,"caption":"Silkeborg Kanocenter"},"image":{"@id":"https:\/\/www.silkeborgkanocenter.dk\/en\/#\/schema\/logo\/image\/"}}]}},"_links":{"self":[{"href":"https:\/\/www.silkeborgkanocenter.dk\/en\/wp-json\/wp\/v2\/product\/514897","targetHints":{"allow":["GET"]}}],"collection":[{"href":"https:\/\/www.silkeborgkanocenter.dk\/en\/wp-json\/wp\/v2\/product"}],"about":[{"href":"https:\/\/www.silkeborgkanocenter.dk\/en\/wp-json\/wp\/v2\/types\/product"}],"wp:featuredmedia":[{"embeddable":true,"href":"https:\/\/www.silkeborgkanocenter.dk\/en\/wp-json\/wp\/v2\/media\/325089"}],"wp:attachment":[{"href":"https:\/\/www.silkeborgkanocenter.dk\/en\/wp-json\/wp\/v2\/media?parent=514897"}],"wp:term":[{"taxonomy":"product_brand","embeddable":true,"href":"https:\/\/www.silkeborgkanocenter.dk\/en\/wp-json\/wp\/v2\/product_brand?post=514897"},{"taxonomy":"product_cat","embeddable":true,"href":"https:\/\/www.silkeborgkanocenter.dk\/en\/wp-json\/wp\/v2\/product_cat?post=514897"},{"taxonomy":"product_tag","embeddable":true,"href":"https:\/\/www.silkeborgkanocenter.dk\/en\/wp-json\/wp\/v2\/product_tag?post=514897"}],"curies":[{"name":"wp","href":"https:\/\/api.w.org\/{rel}","templated":true}]}}