{"id":338425,"date":"2020-04-01T20:27:21","date_gmt":"2020-04-01T18:27:21","guid":{"rendered":"https:\/\/www.silkeborgkanocenter.dk\/canoe-rental-in-torring\/"},"modified":"2026-01-23T15:05:44","modified_gmt":"2026-01-23T14:05:44","slug":"canoe-rental-in-torring","status":"publish","type":"page","link":"https:\/\/www.silkeborgkanocenter.dk\/en\/canoe-rental-in-torring\/","title":{"rendered":"Canoe rental in T\u00f8rring"},"content":{"rendered":"\r\n\r\n\t<h1>\r\n\t\t\t\tKano\r\n\t\t\t<\/h1>\r\n\t<p>At tage p\u00e5 Kanotur er en helt perfekt og ekstremt hyggelig besk\u00e6ftigelse for b\u00e5de familie og venner. Vi hos Silkeborg Kanocenter hj\u00e6lper jer med kanoudlejning i T\u00f8rring, hvor I kan komme vidt omkring, ved at lade jer f\u00f8lge af str\u00f8mmen ned af Guden\u00e5en og se den smukke \u00d8stjyske natur, imens I bugter jer rundt p\u00e5 det blikstille vand.<\/p>\r\n<p>Det er en sk\u00f8n m\u00e5de at tilbringe en dag med den n\u00e6rmeste familie, sin k\u00e6reste eller et par venner, og det er en rigtigt god m\u00e5de at forene mennesker p\u00e5. Det kan nemlig nogle gange v\u00e6re en udfordring at finde p\u00e5 gode aktiviteter, som hele vennegruppen eller hele familien vil kunne lide, og her er Kanosejlads helt perfekt. Det er b\u00e5de en aktiv oplevelse, men det er ogs\u00e5 en anderledes og dejlig m\u00e5de at v\u00e6re sammen med mennesker p\u00e5.<\/p>\r\n<div class=\"fl-builder-content fl-builder-content-1575685 fl-builder-template fl-builder-row-template fl-builder-global-templates-locked\" data-post-id=\"1575685\"><div id=\"book_search\" class=\"fl-row fl-row-full-width fl-row-bg-color fl-node-60113ecb95e7b fl-row-custom-height fl-row-align-center vandret\" data-node=\"60113ecb95e7b\">\n\t<div class=\"fl-row-content-wrap\">\n\t\t\t\t\t\t\t\t<div class=\"fl-row-content fl-row-fixed-width fl-node-content\">\n\t\t\n<div class=\"fl-col-group fl-node-60113ecb95e6d\" data-node=\"60113ecb95e6d\">\n\t\t\t<div class=\"fl-col fl-node-60113ecb95e6f fl-col-bg-color fl-col-has-cols\" data-node=\"60113ecb95e6f\">\n\t<div class=\"fl-col-content fl-node-content\"><div class=\"fl-module fl-module-heading fl-node-60113ecb95e70\" data-node=\"60113ecb95e70\">\n\t<div class=\"fl-module-content fl-node-content\">\n\t\t<h2 class=\"fl-heading\">\n\t\t<span class=\"fl-heading-text\">Book your trip<\/span>\n\t<\/h2>\n\t<\/div>\n<\/div>\n\n<div class=\"fl-col-group fl-node-60113ecb95e72 fl-col-group-nested\" data-node=\"60113ecb95e72\">\n\t\t\t<div class=\"fl-col fl-node-60113ecb95e73 fl-col-bg-color fl-col-small\" data-node=\"60113ecb95e73\">\n\t<div class=\"fl-col-content fl-node-content\"><div class=\"fl-module fl-module-html fl-node-60113ecb95e77\" data-node=\"60113ecb95e77\">\n\t<div class=\"fl-module-content fl-node-content\">\n\t\t<div class=\"fl-html\">\n\t<div class=\"facetwp-facet facetwp-facet-startsted facetwp-type-fselect\" data-name=\"startsted\" data-type=\"fselect\"><\/div><\/div>\n\t<\/div>\n<\/div>\n<div class=\"fl-module fl-module-html fl-node-60113ecb95e78\" data-node=\"60113ecb95e78\">\n\t<div class=\"fl-module-content fl-node-content\">\n\t\t<div class=\"fl-html\">\n\t<div class=\"facetwp-facet facetwp-facet-varighed facetwp-type-fselect\" data-name=\"varighed\" data-type=\"fselect\"><\/div><\/div>\n\t<\/div>\n<\/div>\n<\/div>\n<\/div>\n\t\t\t<div class=\"fl-col fl-node-60113ecb95e75 fl-col-bg-color fl-col-small\" data-node=\"60113ecb95e75\">\n\t<div class=\"fl-col-content fl-node-content\"><div class=\"fl-module fl-module-html fl-node-60113ecb95e79\" data-node=\"60113ecb95e79\">\n\t<div class=\"fl-module-content fl-node-content\">\n\t\t<div class=\"fl-html\">\n\t<div class=\"facetwp-facet facetwp-facet-intervaller facetwp-type-fselect\" data-name=\"intervaller\" data-type=\"fselect\"><\/div><\/div>\n\t<\/div>\n<\/div>\n<div class=\"fl-module fl-module-html fl-node-60113ecb95e7a\" data-node=\"60113ecb95e7a\">\n\t<div class=\"fl-module-content fl-node-content\">\n\t\t<div class=\"fl-html\">\n\t<div class=\"facetwp-facet facetwp-facet-slutsted facetwp-type-fselect\" data-name=\"slutsted\" data-type=\"fselect\"><\/div><\/div>\n\t<\/div>\n<\/div>\n<\/div>\n<\/div>\n\t<\/div>\n<div id=\"book_search\" class=\"fl-module fl-module-html fl-node-60113ecb95e71\" data-node=\"60113ecb95e71\">\n\t<div class=\"fl-module-content fl-node-content\">\n\t\t<div class=\"fl-html\">\n\t<div style=\"font-size: 13px; color: #fff; margin-bottom: 20px;display: block;\">Recommended travel per day is 15-20 km<\/div>\n<div class=\"facetwp-facet facetwp-facet-pris facetwp-type-slider\" data-name=\"pris\" data-type=\"slider\"><\/div>\n<div style=\"display:none\"><div class=\"facetwp-template\" data-name=\"booking_search_home\"><div class=\"fwpl-layout el-qac1ik\"><div class=\"fwpl-result r1\"><div class=\"fwpl-row el-bq4umj\"><div class=\"fwpl-col fwpl-col el-m5i0l\"><\/div><\/div><\/div><div class=\"fwpl-result r2\"><div class=\"fwpl-row el-bq4umj\"><div class=\"fwpl-col fwpl-col el-m5i0l\"><\/div><\/div><\/div><div class=\"fwpl-result r3\"><div class=\"fwpl-row el-bq4umj\"><div class=\"fwpl-col fwpl-col el-m5i0l\"><\/div><\/div><\/div><div class=\"fwpl-result r4\"><div class=\"fwpl-row el-bq4umj\"><div class=\"fwpl-col fwpl-col el-m5i0l\"><\/div><\/div><\/div><div class=\"fwpl-result r5\"><div class=\"fwpl-row el-bq4umj\"><div class=\"fwpl-col fwpl-col el-m5i0l\"><\/div><\/div><\/div><div class=\"fwpl-result r6\"><div class=\"fwpl-row el-bq4umj\"><div class=\"fwpl-col fwpl-col el-m5i0l\"><\/div><\/div><\/div><div class=\"fwpl-result r7\"><div class=\"fwpl-row el-bq4umj\"><div class=\"fwpl-col fwpl-col el-m5i0l\"><\/div><\/div><\/div><div class=\"fwpl-result r8\"><div class=\"fwpl-row el-bq4umj\"><div class=\"fwpl-col fwpl-col el-m5i0l\"><\/div><\/div><\/div><div class=\"fwpl-result r9\"><div class=\"fwpl-row el-bq4umj\"><div class=\"fwpl-col fwpl-col el-m5i0l\"><\/div><\/div><\/div><div class=\"fwpl-result r10\"><div class=\"fwpl-row el-bq4umj\"><div class=\"fwpl-col fwpl-col el-m5i0l\"><\/div><\/div><\/div><div class=\"fwpl-result r11\"><div class=\"fwpl-row el-bq4umj\"><div class=\"fwpl-col fwpl-col el-m5i0l\"><\/div><\/div><\/div><div class=\"fwpl-result r12\"><div class=\"fwpl-row el-bq4umj\"><div class=\"fwpl-col fwpl-col el-m5i0l\"><\/div><\/div><\/div><\/div>\n<style>\n.fwpl-layout, .fwpl-row {\n    display: grid;\n}\n.fwpl-layout.el-qac1ik {\n    grid-template-columns: repeat(1, 1fr);\n    grid-gap: 10px;\n}\n.fwpl-btn {\n    text-decoration: none;\n}\n.fwpl-row.el-bq4umj {\n    grid-template-columns: 1fr;\n}\n@media (max-width: 480px) { \n    body .facetwp-template .fwpl-layout,  \n    body .facetwp-template-static .fwpl-layout { grid-template-columns: 1fr; } \n} \n\n<\/style>\n<\/div><\/div>\n<button class=\"fwp-submit btn-fwp-search-home\" data-href=\"\/book-jeres-tur\/\">Search<\/button>\n<\/div>\n\t<\/div>\n<\/div>\n<\/div>\n<\/div>\n\t<\/div>\n\t\t<\/div>\n\t<\/div>\n<\/div>\n<\/div><div class=\"uabb-js-breakpoint\" style=\"display: none;\"><\/div>\r\n<h2>Fordele ved kanoudlejning i T\u00f8rring<\/h2>\r\n<p>Der er rigtigt mange fordele ved at v\u00e6lge Kanoudlejning i T\u00f8rring. F\u00f8rst og fremmest f\u00e5r I mulighed for at se den billedsk\u00f8nne \u00f8stjyske natur og f\u00e5 en masse frisk luft og solskin i ansigtet. Derudover er I sammen p\u00e5 en anden m\u00e5de end den s\u00e6dvanlige middag eller kop kaffe p\u00e5 en caf\u00e9. Det er ogs\u00e5 en god m\u00e5de at v\u00e6re aktive sammen p\u00e5, uden at det dog er h\u00e5rdt eller tungt. Det er s\u00e5ledes ogs\u00e5 noget, alle vil kunne v\u00e6re med til.<\/p>\r\n<p>Endelig er det sundt at teste sine samarbejdsevner af ind imellem, og det f\u00e5r I gjort p\u00e5 en virkelig hyggelig m\u00e5de ved at leje Kanoer.<\/p>\r\n<p>Vi kan desuden ogs\u00e5 hj\u00e6lpe jer med deciderede Kanoferier, hvis det er det, I \u00f8nsker. Dermed skal I kun fokusere p\u00e5 hyggen og pakke en (let) bagage. Hos Silkeborg Kanocenter kan I desuden ogs\u00e5 leje Kajak og Motorb\u00e5d, hvis I foretr\u00e6kker det. Motorb\u00e5d foreg\u00e5r dog kun med start og slut i Silkeborg Havn.<\/p>\r\n<h3>Book i god tid<\/h3>\r\n<p>N\u00e5r I er flere, der skal afsted p\u00e5 Kanotur, eller skal I v\u00e6re afsted i l\u00e6ngere tid, kan det v\u00e6re en god id\u00e9 at kontakte os i god tid, s\u00e5 I er sikre p\u00e5, at der er Kanoer tilg\u00e6ngelige p\u00e5 de valgte datoer. I kan kontakte os p\u00e5 telefonnummer + 45 86 80 30 03.<\/p>\r\n<h2>Lej en Kano i T\u00f8rring og f\u00e5 en hyggelig weekend<\/h2>\r\n<p>Hos Slusekioskens Kanoudlejning, der ligger p\u00e5 \u00d8stergade 36, kan vi v\u00e6re behj\u00e6lpelige med kanoudlejning i T\u00f8rring. Det ligger naturligvis lige ved vandet, og det er nemt at komme dertil og derfra fra b\u00e5de landevej og motorvej. Desuden er der superhyggeligt i T\u00f8rring. Og p\u00e5 T\u00f8rring Kanoudlejning kan I nyde en is eller kaffe i solen, f\u00f8r I tager afsted.<\/p>\r\n<p>I beh\u00f8ver ikke kun at starte i Silkeborg. Vi har nemlig mere end 30 forskellige startsteder, hvor I kan p\u00e5begynde jeres Kanosejlads. Medmindre vi aftaler andet, har vi Kanoen klar til jer i Silkeborg, men hvis I foretr\u00e6kker at starte i T\u00f8rring, Ry, Ans, Bjerringbro eller Lang\u00e5, kan det ogs\u00e5 sagtens lade sig g\u00f8re. S\u00e5 s\u00f8rger vi for at fragte Kanoen hen til det aftalte sted, s\u00e5 I er klar til at g\u00e5 i gang.<\/p>\r\n<p>Hvis I gerne vil afsted en hel weekend, s\u00e5 kan I med fordel benytte jer af de mange campingpladser og teltpladser, som I kan finde op langs Guden\u00e5en. V\u00e6r opm\u00e6rksom p\u00e5, at nogle af pladserne opkr\u00e6ver betaling for overnatning, og at standen p\u00e5 pladserne kan variere lidt fra sted til sted.<\/p>\r\n<p>P\u00e5 Kano- eller Kajakture der ikke er med start\/slut i Silkeborg Havn, g\u00e6lder der andre priser. I kan finde priserne for leje af Kano med start\/slut n\u00e6r T\u00f8rring og andre steder p\u00e5 Guden\u00e5en <a href=\"https:\/\/www.silkeborgkanocenter.dk\/priser\/kano\/\">her<\/a>. Samt priser for Havkajak <a href=\"https:\/\/www.silkeborgkanocenter.dk\/en\/pricing\/sea-kayak\/\">her<\/a> eller Toerkajak <a href=\"https:\/\/www.silkeborgkanocenter.dk\/en\/pricing\/double-kayak\/\">her<\/a>.<\/p>\r\n<h2>Lej Kano i T\u00f8rring og aflever, hvor det passer jer<\/h2>\r\n<p>Ikke nok med at vi har rigtigt mange forskellige startsteder &#8211; vi har lige s\u00e5 mange slutsteder. Det betyder i praksis, at I helt selv bestemmer, om I vil starte jeres Kanoudlejning i T\u00f8rring og slutte den i Kongensbro. Eller om I vil starte jeres Kanotur et andet sted og slutte et tredje sted. Det er helt op til jer. I skal blot huske at give os besked i god tid, hvor I gerne vil starte, og hvor I gerne vil slutte. S\u00e5 s\u00f8rger vi for, at Kanoerne ligger klar til jer, n\u00e5r I skal afsted &#8211; og vi henter dem selv, n\u00e5r er f\u00e6rdig.<\/p>\r\n<p>Hvis jeres slutsted afviger fra jeres startsted, tilbyder vi desuden at s\u00f8rge for at f\u00e5 transporteret jeres bil over til slutstedet, s\u00e5 I ikke skal bryde jeres hoved med d\u00e9t. I stedet skal I blot fokusere p\u00e5 at hygge jer, nyde de gr\u00f8nne omgivelser og s\u00e6tte pris p\u00e5 det sk\u00f8nne selskab.<\/p>\r\n<p>Kanoture er en dejlig og hyggelig aktivitet for alle, hvor I giver job, telefon og travlhed en pause, og i stedet blot fokuserer p\u00e5 at nyde hinandens selskab.<\/p>\r\n\r\n","protected":false},"excerpt":{"rendered":"<p>Kano At tage p\u00e5 Kanotur er en helt perfekt og ekstremt hyggelig besk\u00e6ftigelse for b\u00e5de familie og venner. Vi hos&hellip; <a class=\"continue\" href=\"https:\/\/www.silkeborgkanocenter.dk\/en\/booking\/torring-to-astedbro-6\/\">L\u00e6s mere<span> T\u00f8rring to \u00c5stedbro<\/span><\/a><\/p>\n","protected":false},"author":1,"featured_media":0,"parent":0,"menu_order":0,"comment_status":"closed","ping_status":"closed","template":"","meta":{"_acf_changed":false,"site-sidebar-layout":"right-sidebar","site-content-layout":"default","ast-site-content-layout":"default","site-content-style":"default","site-sidebar-style":"default","ast-global-header-display":"","ast-banner-title-visibility":"","ast-main-header-display":"","ast-hfb-above-header-display":"","ast-hfb-below-header-display":"","ast-hfb-mobile-header-display":"","site-post-title":"disabled","ast-breadcrumbs-content":"","ast-featured-img":"disabled","footer-sml-layout":"","ast-disable-related-posts":"","theme-transparent-header-meta":"default","adv-header-id-meta":"","stick-header-meta":"","header-above-stick-meta":"","header-main-stick-meta":"","header-below-stick-meta":"","astra-migrate-meta-layouts":"set","ast-page-background-enabled":"default","ast-page-background-meta":{"desktop":{"background-color":"","background-image":"","background-repeat":"repeat","background-position":"center center","background-size":"auto","background-attachment":"scroll","background-type":"","background-media":"","overlay-type":"","overlay-color":"","overlay-opacity":"","overlay-gradient":""},"tablet":{"background-color":"","background-image":"","background-repeat":"repeat","background-position":"center center","background-size":"auto","background-attachment":"scroll","background-type":"","background-media":"","overlay-type":"","overlay-color":"","overlay-opacity":"","overlay-gradient":""},"mobile":{"background-color":"","background-image":"","background-repeat":"repeat","background-position":"center center","background-size":"auto","background-attachment":"scroll","background-type":"","background-media":"","overlay-type":"","overlay-color":"","overlay-opacity":"","overlay-gradient":""}},"ast-content-background-meta":{"desktop":{"background-color":"var(--ast-global-color-5)","background-image":"","background-repeat":"repeat","background-position":"center center","background-size":"auto","background-attachment":"scroll","background-type":"","background-media":"","overlay-type":"","overlay-color":"","overlay-opacity":"","overlay-gradient":""},"tablet":{"background-color":"var(--ast-global-color-5)","background-image":"","background-repeat":"repeat","background-position":"center center","background-size":"auto","background-attachment":"scroll","background-type":"","background-media":"","overlay-type":"","overlay-color":"","overlay-opacity":"","overlay-gradient":""},"mobile":{"background-color":"var(--ast-global-color-5)","background-image":"","background-repeat":"repeat","background-position":"center center","background-size":"auto","background-attachment":"scroll","background-type":"","background-media":"","overlay-type":"","overlay-color":"","overlay-opacity":"","overlay-gradient":""}},"footnotes":""},"class_list":["post-338425","page","type-page","status-publish","hentry"],"acf":[],"yoast_head":"<!-- This site is optimized with the Yoast SEO plugin v27.2 - https:\/\/yoast.com\/product\/yoast-seo-wordpress\/ -->\n<title>\u2606 Canoe rental in T\u00f8rring - Rent Canoe &amp; Kayak - Silkeborgkanocenter.dk \u2606<\/title>\n<meta name=\"description\" content=\"\u00bb Canoe rental in T\u00f8rring. Canoe &amp; Kayak trips on the Guden\u00e5en river. Book with Car transport and Cancellation. Largest Canoe &amp; Kayak rental. Silkeborgkanocenter.dk \u00ab\" \/>\n<meta name=\"robots\" content=\"index, follow, max-snippet:-1, max-image-preview:large, max-video-preview:-1\" \/>\n<link rel=\"canonical\" href=\"https:\/\/www.silkeborgkanocenter.dk\/en\/canoe-rental-in-torring\/\" \/>\n<meta property=\"og:locale\" content=\"en_US\" \/>\n<meta property=\"og:type\" content=\"article\" \/>\n<meta property=\"og:title\" content=\"\u2606 Canoe rental in T\u00f8rring - Rent Canoe &amp; Kayak - Silkeborgkanocenter.dk \u2606\" \/>\n<meta property=\"og:description\" content=\"\u00bb Canoe rental in T\u00f8rring. Canoe &amp; Kayak trips on the Guden\u00e5en river. Book with Car transport and Cancellation. Largest Canoe &amp; Kayak rental. Silkeborgkanocenter.dk \u00ab\" \/>\n<meta property=\"og:url\" content=\"https:\/\/www.silkeborgkanocenter.dk\/en\/canoe-rental-in-torring\/\" \/>\n<meta property=\"og:site_name\" content=\"Silkeborg Kanocenter\" \/>\n<meta property=\"article:modified_time\" content=\"2026-01-23T14:05:44+00:00\" \/>\n<meta name=\"twitter:card\" content=\"summary_large_image\" \/>\n<meta name=\"twitter:label1\" content=\"Est. reading time\" \/>\n\t<meta name=\"twitter:data1\" content=\"4 minutes\" \/>\n<script type=\"application\/ld+json\" class=\"yoast-schema-graph\">{\"@context\":\"https:\/\/schema.org\",\"@graph\":[{\"@type\":\"WebPage\",\"@id\":\"https:\/\/www.silkeborgkanocenter.dk\/en\/canoe-rental-in-torring\/\",\"url\":\"https:\/\/www.silkeborgkanocenter.dk\/en\/canoe-rental-in-torring\/\",\"name\":\"\u2606 Canoe rental in T\u00f8rring - Rent Canoe & Kayak - Silkeborgkanocenter.dk \u2606\",\"isPartOf\":{\"@id\":\"https:\/\/www.silkeborgkanocenter.dk\/en\/#website\"},\"datePublished\":\"2020-04-01T18:27:21+00:00\",\"dateModified\":\"2026-01-23T14:05:44+00:00\",\"description\":\"\u00bb Canoe rental in T\u00f8rring. Canoe & Kayak trips on the Guden\u00e5en river. Book with Car transport and Cancellation. Largest Canoe & Kayak rental. Silkeborgkanocenter.dk \u00ab\",\"breadcrumb\":{\"@id\":\"https:\/\/www.silkeborgkanocenter.dk\/en\/canoe-rental-in-torring\/#breadcrumb\"},\"inLanguage\":\"en-US\",\"potentialAction\":[{\"@type\":\"ReadAction\",\"target\":[\"https:\/\/www.silkeborgkanocenter.dk\/en\/canoe-rental-in-torring\/\"]}]},{\"@type\":\"BreadcrumbList\",\"@id\":\"https:\/\/www.silkeborgkanocenter.dk\/en\/canoe-rental-in-torring\/#breadcrumb\",\"itemListElement\":[{\"@type\":\"ListItem\",\"position\":1,\"name\":\"Home\",\"item\":\"https:\/\/www.silkeborgkanocenter.dk\/en\/\"},{\"@type\":\"ListItem\",\"position\":2,\"name\":\"Canoe rental in T\u00f8rring\"}]},{\"@type\":\"WebSite\",\"@id\":\"https:\/\/www.silkeborgkanocenter.dk\/en\/#website\",\"url\":\"https:\/\/www.silkeborgkanocenter.dk\/en\/\",\"name\":\"Silkeborg Kanocenter\",\"description\":\"St\u00f8rste Kano- &amp; Kajakudlejer p\u00e5 Guden\u00e5en\",\"publisher\":{\"@id\":\"https:\/\/www.silkeborgkanocenter.dk\/en\/#organization\"},\"potentialAction\":[{\"@type\":\"SearchAction\",\"target\":{\"@type\":\"EntryPoint\",\"urlTemplate\":\"https:\/\/www.silkeborgkanocenter.dk\/en\/?s={search_term_string}\"},\"query-input\":{\"@type\":\"PropertyValueSpecification\",\"valueRequired\":true,\"valueName\":\"search_term_string\"}}],\"inLanguage\":\"en-US\"},{\"@type\":\"Organization\",\"@id\":\"https:\/\/www.silkeborgkanocenter.dk\/en\/#organization\",\"name\":\"Silkeborg Kanocenter\",\"url\":\"https:\/\/www.silkeborgkanocenter.dk\/en\/\",\"logo\":{\"@type\":\"ImageObject\",\"inLanguage\":\"en-US\",\"@id\":\"https:\/\/www.silkeborgkanocenter.dk\/en\/#\/schema\/logo\/image\/\",\"url\":\"https:\/\/www.silkeborgkanocenter.dk\/wp-content\/uploads\/2019\/06\/silkeborg-kanocenter-logo-outlined-transparent.png\",\"contentUrl\":\"https:\/\/www.silkeborgkanocenter.dk\/wp-content\/uploads\/2019\/06\/silkeborg-kanocenter-logo-outlined-transparent.png\",\"width\":1000,\"height\":1000,\"caption\":\"Silkeborg Kanocenter\"},\"image\":{\"@id\":\"https:\/\/www.silkeborgkanocenter.dk\/en\/#\/schema\/logo\/image\/\"}}]}<\/script>\n<!-- \/ Yoast SEO plugin. -->","yoast_head_json":{"title":"\u2606 Canoe rental in T\u00f8rring - Rent Canoe & Kayak - Silkeborgkanocenter.dk \u2606","description":"\u00bb Canoe rental in T\u00f8rring. Canoe & Kayak trips on the Guden\u00e5en river. Book with Car transport and Cancellation. Largest Canoe & Kayak rental. Silkeborgkanocenter.dk \u00ab","robots":{"index":"index","follow":"follow","max-snippet":"max-snippet:-1","max-image-preview":"max-image-preview:large","max-video-preview":"max-video-preview:-1"},"canonical":"https:\/\/www.silkeborgkanocenter.dk\/en\/canoe-rental-in-torring\/","og_locale":"en_US","og_type":"article","og_title":"\u2606 Canoe rental in T\u00f8rring - Rent Canoe & Kayak - Silkeborgkanocenter.dk \u2606","og_description":"\u00bb Canoe rental in T\u00f8rring. Canoe & Kayak trips on the Guden\u00e5en river. Book with Car transport and Cancellation. Largest Canoe & Kayak rental. Silkeborgkanocenter.dk \u00ab","og_url":"https:\/\/www.silkeborgkanocenter.dk\/en\/canoe-rental-in-torring\/","og_site_name":"Silkeborg Kanocenter","article_modified_time":"2026-01-23T14:05:44+00:00","twitter_card":"summary_large_image","twitter_misc":{"Est. reading time":"4 minutes"},"schema":{"@context":"https:\/\/schema.org","@graph":[{"@type":"WebPage","@id":"https:\/\/www.silkeborgkanocenter.dk\/en\/canoe-rental-in-torring\/","url":"https:\/\/www.silkeborgkanocenter.dk\/en\/canoe-rental-in-torring\/","name":"\u2606 Canoe rental in T\u00f8rring - Rent Canoe & Kayak - Silkeborgkanocenter.dk \u2606","isPartOf":{"@id":"https:\/\/www.silkeborgkanocenter.dk\/en\/#website"},"datePublished":"2020-04-01T18:27:21+00:00","dateModified":"2026-01-23T14:05:44+00:00","description":"\u00bb Canoe rental in T\u00f8rring. Canoe & Kayak trips on the Guden\u00e5en river. Book with Car transport and Cancellation. Largest Canoe & Kayak rental. Silkeborgkanocenter.dk \u00ab","breadcrumb":{"@id":"https:\/\/www.silkeborgkanocenter.dk\/en\/canoe-rental-in-torring\/#breadcrumb"},"inLanguage":"en-US","potentialAction":[{"@type":"ReadAction","target":["https:\/\/www.silkeborgkanocenter.dk\/en\/canoe-rental-in-torring\/"]}]},{"@type":"BreadcrumbList","@id":"https:\/\/www.silkeborgkanocenter.dk\/en\/canoe-rental-in-torring\/#breadcrumb","itemListElement":[{"@type":"ListItem","position":1,"name":"Home","item":"https:\/\/www.silkeborgkanocenter.dk\/en\/"},{"@type":"ListItem","position":2,"name":"Canoe rental in T\u00f8rring"}]},{"@type":"WebSite","@id":"https:\/\/www.silkeborgkanocenter.dk\/en\/#website","url":"https:\/\/www.silkeborgkanocenter.dk\/en\/","name":"Silkeborg Kanocenter","description":"St\u00f8rste Kano- &amp; Kajakudlejer p\u00e5 Guden\u00e5en","publisher":{"@id":"https:\/\/www.silkeborgkanocenter.dk\/en\/#organization"},"potentialAction":[{"@type":"SearchAction","target":{"@type":"EntryPoint","urlTemplate":"https:\/\/www.silkeborgkanocenter.dk\/en\/?s={search_term_string}"},"query-input":{"@type":"PropertyValueSpecification","valueRequired":true,"valueName":"search_term_string"}}],"inLanguage":"en-US"},{"@type":"Organization","@id":"https:\/\/www.silkeborgkanocenter.dk\/en\/#organization","name":"Silkeborg Kanocenter","url":"https:\/\/www.silkeborgkanocenter.dk\/en\/","logo":{"@type":"ImageObject","inLanguage":"en-US","@id":"https:\/\/www.silkeborgkanocenter.dk\/en\/#\/schema\/logo\/image\/","url":"https:\/\/www.silkeborgkanocenter.dk\/wp-content\/uploads\/2019\/06\/silkeborg-kanocenter-logo-outlined-transparent.png","contentUrl":"https:\/\/www.silkeborgkanocenter.dk\/wp-content\/uploads\/2019\/06\/silkeborg-kanocenter-logo-outlined-transparent.png","width":1000,"height":1000,"caption":"Silkeborg Kanocenter"},"image":{"@id":"https:\/\/www.silkeborgkanocenter.dk\/en\/#\/schema\/logo\/image\/"}}]}},"_links":{"self":[{"href":"https:\/\/www.silkeborgkanocenter.dk\/en\/wp-json\/wp\/v2\/pages\/338425","targetHints":{"allow":["GET"]}}],"collection":[{"href":"https:\/\/www.silkeborgkanocenter.dk\/en\/wp-json\/wp\/v2\/pages"}],"about":[{"href":"https:\/\/www.silkeborgkanocenter.dk\/en\/wp-json\/wp\/v2\/types\/page"}],"author":[{"embeddable":true,"href":"https:\/\/www.silkeborgkanocenter.dk\/en\/wp-json\/wp\/v2\/users\/1"}],"replies":[{"embeddable":true,"href":"https:\/\/www.silkeborgkanocenter.dk\/en\/wp-json\/wp\/v2\/comments?post=338425"}],"version-history":[{"count":1,"href":"https:\/\/www.silkeborgkanocenter.dk\/en\/wp-json\/wp\/v2\/pages\/338425\/revisions"}],"predecessor-version":[{"id":2726564,"href":"https:\/\/www.silkeborgkanocenter.dk\/en\/wp-json\/wp\/v2\/pages\/338425\/revisions\/2726564"}],"wp:attachment":[{"href":"https:\/\/www.silkeborgkanocenter.dk\/en\/wp-json\/wp\/v2\/media?parent=338425"}],"curies":[{"name":"wp","href":"https:\/\/api.w.org\/{rel}","templated":true}]}}