{"id":412164,"date":"2019-10-31T12:40:19","date_gmt":"2019-10-31T11:40:19","guid":{"rendered":"https:\/\/www.silkeborgkanocenter.dk\/booking\/skyttehusets-outdoor-camp-in-ry-7\/"},"modified":"2025-10-09T16:35:32","modified_gmt":"2025-10-09T14:35:32","slug":"skyttehusets-outdoor-camp-in-ry-7","status":"publish","type":"product","link":"https:\/\/www.silkeborgkanocenter.dk\/de\/booking\/skyttehusets-outdoor-camp-in-ry-7\/","title":{"rendered":"Skyttehuset&#8217;s Outdoor Camp in Ry"},"content":{"rendered":"<p><strong>Startpunkt:<\/strong> Skyttehusets Outdoor Camp, Svejb\u00e6kvej 3, 8600 Silkeborg  <\/p>\n<p><strong>Endadresse:<\/strong> Ry \/ Skimmingh\u00f8j Teltplads, Siimtoften 17, 8680 Ry<\/p>\n<p>Das Kanu\/Kajak steht um 9.00 Uhr am Startpunkt bereit und muss sp\u00e4testens um 16.00 Uhr am Endziel ankommen. Sie k\u00f6nnen den endg\u00fcltigen Zielort jederzeit telefonisch bis 12.00 Uhr am letzten Tag der Reise \u00e4ndern.  <\/p>\n<p>Vor dem Ausflug k\u00f6nnen Sie die Nacht im Skyttehuset Outdoor Camp verbringen.<\/p>\n<p>Nach der Tour k\u00f6nnen Sie die Nacht im Skimmingh\u00f8j T\u00e4ltplads verbringen.<\/p>\n<p>Es ist nur m\u00f6glich, Touren, die im Skyttehuset Outdoor Camp beginnen, in Verbindung mit einer Unterkunft zu buchen.<\/p>\n","protected":false},"excerpt":{"rendered":"<p>Startpunkt: Skyttehusets Outdoor Camp, Svejb\u00e6kvej 3, 8600 Silkeborg Endadresse: Ry \/ Skimmingh\u00f8j Teltplads, Siimtoften 17, 8680 Ry Das Kanu\/Kajak steht&hellip; <a class=\"continue\" href=\"https:\/\/www.silkeborgkanocenter.dk\/de\/booking\/skyttehusets-outdoor-camp-in-ry-7\/\">L\u00e6s mere<span> Skyttehuset&#8217;s Outdoor Camp in Ry<\/span><\/a><\/p>\n","protected":false},"featured_media":325090,"template":"","meta":{"_acf_changed":false,"site-sidebar-layout":"default","site-content-layout":"","ast-site-content-layout":"default","site-content-style":"default","site-sidebar-style":"default","ast-global-header-display":"","ast-banner-title-visibility":"","ast-main-header-display":"","ast-hfb-above-header-display":"","ast-hfb-below-header-display":"","ast-hfb-mobile-header-display":"","site-post-title":"","ast-breadcrumbs-content":"","ast-featured-img":"","footer-sml-layout":"","ast-disable-related-posts":"","theme-transparent-header-meta":"","adv-header-id-meta":"","stick-header-meta":"","header-above-stick-meta":"","header-main-stick-meta":"","header-below-stick-meta":"","astra-migrate-meta-layouts":"default","ast-page-background-enabled":"default","ast-page-background-meta":{"desktop":{"background-color":"","background-image":"","background-repeat":"repeat","background-position":"center center","background-size":"auto","background-attachment":"scroll","background-type":"","background-media":"","overlay-type":"","overlay-color":"","overlay-opacity":"","overlay-gradient":""},"tablet":{"background-color":"","background-image":"","background-repeat":"repeat","background-position":"center center","background-size":"auto","background-attachment":"scroll","background-type":"","background-media":"","overlay-type":"","overlay-color":"","overlay-opacity":"","overlay-gradient":""},"mobile":{"background-color":"","background-image":"","background-repeat":"repeat","background-position":"center center","background-size":"auto","background-attachment":"scroll","background-type":"","background-media":"","overlay-type":"","overlay-color":"","overlay-opacity":"","overlay-gradient":""}},"ast-content-background-meta":{"desktop":{"background-color":"var(--ast-global-color-5)","background-image":"","background-repeat":"repeat","background-position":"center center","background-size":"auto","background-attachment":"scroll","background-type":"","background-media":"","overlay-type":"","overlay-color":"","overlay-opacity":"","overlay-gradient":""},"tablet":{"background-color":"var(--ast-global-color-5)","background-image":"","background-repeat":"repeat","background-position":"center center","background-size":"auto","background-attachment":"scroll","background-type":"","background-media":"","overlay-type":"","overlay-color":"","overlay-opacity":"","overlay-gradient":""},"mobile":{"background-color":"var(--ast-global-color-5)","background-image":"","background-repeat":"repeat","background-position":"center center","background-size":"auto","background-attachment":"scroll","background-type":"","background-media":"","overlay-type":"","overlay-color":"","overlay-opacity":"","overlay-gradient":""}}},"product_brand":[],"product_cat":[639,544],"product_tag":[537,598],"class_list":{"0":"post-412164","1":"product","2":"type-product","3":"status-publish","4":"has-post-thumbnail","6":"product_cat-skyttehusets-camping-de","7":"product_cat-3-tage-reise","8":"product_tag-ry-skimminghoej-teltplads-de","9":"product_tag-skyttehusets-camping-de","10":"desktop-align-left","11":"tablet-align-left","12":"mobile-align-left","13":"ast-product-gallery-layout-horizontal-slider","14":"ast-product-gallery-with-no-image","16":"first","17":"instock","18":"sold-individually","19":"taxable","20":"shipping-taxable","21":"purchasable","22":"product-type-booking"},"exclude_global_add_ons":false,"addons":[],"acf":[],"yoast_head":"<!-- This site is optimized with the Yoast SEO plugin v27.2 - https:\/\/yoast.com\/product\/yoast-seo-wordpress\/ -->\n<title>Skyttehuset&#039;s Outdoor Camp in Ry - Silkeborg Kanocenter<\/title>\n<meta name=\"robots\" content=\"index, follow, max-snippet:-1, max-image-preview:large, max-video-preview:-1\" \/>\n<link rel=\"canonical\" href=\"https:\/\/www.silkeborgkanocenter.dk\/de\/booking\/skyttehusets-outdoor-camp-in-ry-7\/\" \/>\n<meta property=\"og:locale\" content=\"de_DE\" \/>\n<meta property=\"og:type\" content=\"article\" \/>\n<meta property=\"og:title\" content=\"Skyttehuset&#039;s Outdoor Camp in Ry - Silkeborg Kanocenter\" \/>\n<meta property=\"og:description\" content=\"Startpunkt: Skyttehusets Outdoor Camp, Svejb\u00e6kvej 3, 8600 Silkeborg Endadresse: Ry \/ Skimmingh\u00f8j Teltplads, Siimtoften 17, 8680 Ry Das Kanu\/Kajak steht&hellip; L\u00e6s mere Skyttehuset&#8217;s Outdoor Camp in Ry\" \/>\n<meta property=\"og:url\" content=\"https:\/\/www.silkeborgkanocenter.dk\/de\/booking\/skyttehusets-outdoor-camp-in-ry-7\/\" \/>\n<meta property=\"og:site_name\" content=\"Silkeborg Kanocenter\" \/>\n<meta property=\"article:modified_time\" content=\"2025-10-09T14:35:32+00:00\" \/>\n<meta property=\"og:image\" content=\"https:\/\/www.silkeborgkanocenter.dk\/wp-content\/uploads\/2019\/05\/home-banner.jpg\" \/>\n\t<meta property=\"og:image:width\" content=\"2000\" \/>\n\t<meta property=\"og:image:height\" content=\"1500\" \/>\n\t<meta property=\"og:image:type\" content=\"image\/jpeg\" \/>\n<meta name=\"twitter:card\" content=\"summary_large_image\" \/>\n<script type=\"application\/ld+json\" class=\"yoast-schema-graph\">{\"@context\":\"https:\/\/schema.org\",\"@graph\":[{\"@type\":\"WebPage\",\"@id\":\"https:\/\/www.silkeborgkanocenter.dk\/de\/booking\/skyttehusets-outdoor-camp-in-ry-7\/\",\"url\":\"https:\/\/www.silkeborgkanocenter.dk\/de\/booking\/skyttehusets-outdoor-camp-in-ry-7\/\",\"name\":\"Skyttehuset's Outdoor Camp in Ry - Silkeborg Kanocenter\",\"isPartOf\":{\"@id\":\"https:\/\/www.silkeborgkanocenter.dk\/de\/#website\"},\"primaryImageOfPage\":{\"@id\":\"https:\/\/www.silkeborgkanocenter.dk\/de\/booking\/skyttehusets-outdoor-camp-in-ry-7\/#primaryimage\"},\"image\":{\"@id\":\"https:\/\/www.silkeborgkanocenter.dk\/de\/booking\/skyttehusets-outdoor-camp-in-ry-7\/#primaryimage\"},\"thumbnailUrl\":\"https:\/\/www.silkeborgkanocenter.dk\/wp-content\/uploads\/2019\/05\/home-banner.jpg\",\"datePublished\":\"2019-10-31T11:40:19+00:00\",\"dateModified\":\"2025-10-09T14:35:32+00:00\",\"breadcrumb\":{\"@id\":\"https:\/\/www.silkeborgkanocenter.dk\/de\/booking\/skyttehusets-outdoor-camp-in-ry-7\/#breadcrumb\"},\"inLanguage\":\"de\",\"potentialAction\":[{\"@type\":\"ReadAction\",\"target\":[\"https:\/\/www.silkeborgkanocenter.dk\/de\/booking\/skyttehusets-outdoor-camp-in-ry-7\/\"]}]},{\"@type\":\"ImageObject\",\"inLanguage\":\"de\",\"@id\":\"https:\/\/www.silkeborgkanocenter.dk\/de\/booking\/skyttehusets-outdoor-camp-in-ry-7\/#primaryimage\",\"url\":\"https:\/\/www.silkeborgkanocenter.dk\/wp-content\/uploads\/2019\/05\/home-banner.jpg\",\"contentUrl\":\"https:\/\/www.silkeborgkanocenter.dk\/wp-content\/uploads\/2019\/05\/home-banner.jpg\",\"width\":2000,\"height\":1500},{\"@type\":\"BreadcrumbList\",\"@id\":\"https:\/\/www.silkeborgkanocenter.dk\/de\/booking\/skyttehusets-outdoor-camp-in-ry-7\/#breadcrumb\",\"itemListElement\":[{\"@type\":\"ListItem\",\"position\":1,\"name\":\"Home\",\"item\":\"https:\/\/www.silkeborgkanocenter.dk\/de\/\"},{\"@type\":\"ListItem\",\"position\":2,\"name\":\"Produkte\",\"item\":\"https:\/\/www.silkeborgkanocenter.dk\/de\/shop\/\"},{\"@type\":\"ListItem\",\"position\":3,\"name\":\"Skyttehuset&#8217;s Outdoor Camp in Ry\"}]},{\"@type\":\"WebSite\",\"@id\":\"https:\/\/www.silkeborgkanocenter.dk\/de\/#website\",\"url\":\"https:\/\/www.silkeborgkanocenter.dk\/de\/\",\"name\":\"Silkeborg Kanocenter\",\"description\":\"St\u00f8rste Kano- &amp; Kajakudlejer p\u00e5 Guden\u00e5en\",\"publisher\":{\"@id\":\"https:\/\/www.silkeborgkanocenter.dk\/de\/#organization\"},\"potentialAction\":[{\"@type\":\"SearchAction\",\"target\":{\"@type\":\"EntryPoint\",\"urlTemplate\":\"https:\/\/www.silkeborgkanocenter.dk\/de\/?s={search_term_string}\"},\"query-input\":{\"@type\":\"PropertyValueSpecification\",\"valueRequired\":true,\"valueName\":\"search_term_string\"}}],\"inLanguage\":\"de\"},{\"@type\":\"Organization\",\"@id\":\"https:\/\/www.silkeborgkanocenter.dk\/de\/#organization\",\"name\":\"Silkeborg Kanocenter\",\"url\":\"https:\/\/www.silkeborgkanocenter.dk\/de\/\",\"logo\":{\"@type\":\"ImageObject\",\"inLanguage\":\"de\",\"@id\":\"https:\/\/www.silkeborgkanocenter.dk\/de\/#\/schema\/logo\/image\/\",\"url\":\"https:\/\/www.silkeborgkanocenter.dk\/wp-content\/uploads\/2019\/06\/silkeborg-kanocenter-logo-outlined-transparent.png\",\"contentUrl\":\"https:\/\/www.silkeborgkanocenter.dk\/wp-content\/uploads\/2019\/06\/silkeborg-kanocenter-logo-outlined-transparent.png\",\"width\":1000,\"height\":1000,\"caption\":\"Silkeborg Kanocenter\"},\"image\":{\"@id\":\"https:\/\/www.silkeborgkanocenter.dk\/de\/#\/schema\/logo\/image\/\"}}]}<\/script>\n<!-- \/ Yoast SEO plugin. -->","yoast_head_json":{"title":"Skyttehuset's Outdoor Camp in Ry - Silkeborg Kanocenter","robots":{"index":"index","follow":"follow","max-snippet":"max-snippet:-1","max-image-preview":"max-image-preview:large","max-video-preview":"max-video-preview:-1"},"canonical":"https:\/\/www.silkeborgkanocenter.dk\/de\/booking\/skyttehusets-outdoor-camp-in-ry-7\/","og_locale":"de_DE","og_type":"article","og_title":"Skyttehuset's Outdoor Camp in Ry - Silkeborg Kanocenter","og_description":"Startpunkt: Skyttehusets Outdoor Camp, Svejb\u00e6kvej 3, 8600 Silkeborg Endadresse: Ry \/ Skimmingh\u00f8j Teltplads, Siimtoften 17, 8680 Ry Das Kanu\/Kajak steht&hellip; L\u00e6s mere Skyttehuset&#8217;s Outdoor Camp in Ry","og_url":"https:\/\/www.silkeborgkanocenter.dk\/de\/booking\/skyttehusets-outdoor-camp-in-ry-7\/","og_site_name":"Silkeborg Kanocenter","article_modified_time":"2025-10-09T14:35:32+00:00","og_image":[{"width":2000,"height":1500,"url":"https:\/\/www.silkeborgkanocenter.dk\/wp-content\/uploads\/2019\/05\/home-banner.jpg","type":"image\/jpeg"}],"twitter_card":"summary_large_image","schema":{"@context":"https:\/\/schema.org","@graph":[{"@type":"WebPage","@id":"https:\/\/www.silkeborgkanocenter.dk\/de\/booking\/skyttehusets-outdoor-camp-in-ry-7\/","url":"https:\/\/www.silkeborgkanocenter.dk\/de\/booking\/skyttehusets-outdoor-camp-in-ry-7\/","name":"Skyttehuset's Outdoor Camp in Ry - Silkeborg Kanocenter","isPartOf":{"@id":"https:\/\/www.silkeborgkanocenter.dk\/de\/#website"},"primaryImageOfPage":{"@id":"https:\/\/www.silkeborgkanocenter.dk\/de\/booking\/skyttehusets-outdoor-camp-in-ry-7\/#primaryimage"},"image":{"@id":"https:\/\/www.silkeborgkanocenter.dk\/de\/booking\/skyttehusets-outdoor-camp-in-ry-7\/#primaryimage"},"thumbnailUrl":"https:\/\/www.silkeborgkanocenter.dk\/wp-content\/uploads\/2019\/05\/home-banner.jpg","datePublished":"2019-10-31T11:40:19+00:00","dateModified":"2025-10-09T14:35:32+00:00","breadcrumb":{"@id":"https:\/\/www.silkeborgkanocenter.dk\/de\/booking\/skyttehusets-outdoor-camp-in-ry-7\/#breadcrumb"},"inLanguage":"de","potentialAction":[{"@type":"ReadAction","target":["https:\/\/www.silkeborgkanocenter.dk\/de\/booking\/skyttehusets-outdoor-camp-in-ry-7\/"]}]},{"@type":"ImageObject","inLanguage":"de","@id":"https:\/\/www.silkeborgkanocenter.dk\/de\/booking\/skyttehusets-outdoor-camp-in-ry-7\/#primaryimage","url":"https:\/\/www.silkeborgkanocenter.dk\/wp-content\/uploads\/2019\/05\/home-banner.jpg","contentUrl":"https:\/\/www.silkeborgkanocenter.dk\/wp-content\/uploads\/2019\/05\/home-banner.jpg","width":2000,"height":1500},{"@type":"BreadcrumbList","@id":"https:\/\/www.silkeborgkanocenter.dk\/de\/booking\/skyttehusets-outdoor-camp-in-ry-7\/#breadcrumb","itemListElement":[{"@type":"ListItem","position":1,"name":"Home","item":"https:\/\/www.silkeborgkanocenter.dk\/de\/"},{"@type":"ListItem","position":2,"name":"Produkte","item":"https:\/\/www.silkeborgkanocenter.dk\/de\/shop\/"},{"@type":"ListItem","position":3,"name":"Skyttehuset&#8217;s Outdoor Camp in Ry"}]},{"@type":"WebSite","@id":"https:\/\/www.silkeborgkanocenter.dk\/de\/#website","url":"https:\/\/www.silkeborgkanocenter.dk\/de\/","name":"Silkeborg Kanocenter","description":"St\u00f8rste Kano- &amp; Kajakudlejer p\u00e5 Guden\u00e5en","publisher":{"@id":"https:\/\/www.silkeborgkanocenter.dk\/de\/#organization"},"potentialAction":[{"@type":"SearchAction","target":{"@type":"EntryPoint","urlTemplate":"https:\/\/www.silkeborgkanocenter.dk\/de\/?s={search_term_string}"},"query-input":{"@type":"PropertyValueSpecification","valueRequired":true,"valueName":"search_term_string"}}],"inLanguage":"de"},{"@type":"Organization","@id":"https:\/\/www.silkeborgkanocenter.dk\/de\/#organization","name":"Silkeborg Kanocenter","url":"https:\/\/www.silkeborgkanocenter.dk\/de\/","logo":{"@type":"ImageObject","inLanguage":"de","@id":"https:\/\/www.silkeborgkanocenter.dk\/de\/#\/schema\/logo\/image\/","url":"https:\/\/www.silkeborgkanocenter.dk\/wp-content\/uploads\/2019\/06\/silkeborg-kanocenter-logo-outlined-transparent.png","contentUrl":"https:\/\/www.silkeborgkanocenter.dk\/wp-content\/uploads\/2019\/06\/silkeborg-kanocenter-logo-outlined-transparent.png","width":1000,"height":1000,"caption":"Silkeborg Kanocenter"},"image":{"@id":"https:\/\/www.silkeborgkanocenter.dk\/de\/#\/schema\/logo\/image\/"}}]}},"_links":{"self":[{"href":"https:\/\/www.silkeborgkanocenter.dk\/de\/wp-json\/wp\/v2\/product\/412164","targetHints":{"allow":["GET"]}}],"collection":[{"href":"https:\/\/www.silkeborgkanocenter.dk\/de\/wp-json\/wp\/v2\/product"}],"about":[{"href":"https:\/\/www.silkeborgkanocenter.dk\/de\/wp-json\/wp\/v2\/types\/product"}],"wp:featuredmedia":[{"embeddable":true,"href":"https:\/\/www.silkeborgkanocenter.dk\/de\/wp-json\/wp\/v2\/media\/325090"}],"wp:attachment":[{"href":"https:\/\/www.silkeborgkanocenter.dk\/de\/wp-json\/wp\/v2\/media?parent=412164"}],"wp:term":[{"taxonomy":"product_brand","embeddable":true,"href":"https:\/\/www.silkeborgkanocenter.dk\/de\/wp-json\/wp\/v2\/product_brand?post=412164"},{"taxonomy":"product_cat","embeddable":true,"href":"https:\/\/www.silkeborgkanocenter.dk\/de\/wp-json\/wp\/v2\/product_cat?post=412164"},{"taxonomy":"product_tag","embeddable":true,"href":"https:\/\/www.silkeborgkanocenter.dk\/de\/wp-json\/wp\/v2\/product_tag?post=412164"}],"curies":[{"name":"wp","href":"https:\/\/api.w.org\/{rel}","templated":true}]}}