{"id":376707,"date":"2019-10-31T12:34:59","date_gmt":"2019-10-31T11:34:59","guid":{"rendered":"https:\/\/www.silkeborgkanocenter.dk\/booking\/voervadsbro-bis-klostermolle\/"},"modified":"2025-10-09T16:07:14","modified_gmt":"2025-10-09T14:07:14","slug":"voervadsbro-bis-klostermolle","status":"publish","type":"product","link":"https:\/\/www.silkeborgkanocenter.dk\/de\/booking\/voervadsbro-bis-klostermolle\/","title":{"rendered":"Voervadsbro bis Klosterm\u00f8lle"},"content":{"rendered":"<p><strong>Startpunkt:<\/strong> Voervadsbro Teltplads, \u00c5dalen 5, 8660 Skanderborg<\/p>\n<p><strong>Endadresse:<\/strong> Klosterm\u00f8lle, Klosterm\u00f8llevej 48, 8660 Skanderborg, D\u00e4nemark<\/p>\n<p>Das Kanu\/Kajak steht um 9.00 Uhr am Startpunkt bereit und muss sp\u00e4testens um 16.00 Uhr am Endziel ankommen. Sie k\u00f6nnen den endg\u00fcltigen Zielort jederzeit telefonisch bis 12.00 Uhr am letzten Tag der Reise \u00e4ndern.  <\/p>\n<p>Vor der Tour k\u00f6nnen Sie unter Voervadsbro Teltplads \u00fcbernachten.<\/p>\n<p>Nach der Tour k\u00f6nnen Sie die Nacht im Klosterm\u00f8lle Zeltplatz verbringen.<\/p>\n","protected":false},"excerpt":{"rendered":"<p>Startpunkt: Voervadsbro Teltplads, \u00c5dalen 5, 8660 Skanderborg Endadresse: Klosterm\u00f8lle, Klosterm\u00f8llevej 48, 8660 Skanderborg, D\u00e4nemark Das Kanu\/Kajak steht um 9.00 Uhr&hellip; <a class=\"continue\" href=\"https:\/\/www.silkeborgkanocenter.dk\/de\/booking\/voervadsbro-bis-klostermolle\/\">L\u00e6s mere<span> Voervadsbro bis Klosterm\u00f8lle<\/span><\/a><\/p>\n","protected":false},"featured_media":325090,"template":"","meta":{"_acf_changed":false,"site-sidebar-layout":"default","site-content-layout":"default","ast-site-content-layout":"default","site-content-style":"default","site-sidebar-style":"default","ast-global-header-display":"","ast-banner-title-visibility":"","ast-main-header-display":"","ast-hfb-above-header-display":"","ast-hfb-below-header-display":"","ast-hfb-mobile-header-display":"","site-post-title":"","ast-breadcrumbs-content":"","ast-featured-img":"","footer-sml-layout":"","ast-disable-related-posts":"","theme-transparent-header-meta":"default","adv-header-id-meta":"","stick-header-meta":"","header-above-stick-meta":"","header-main-stick-meta":"","header-below-stick-meta":"","astra-migrate-meta-layouts":"default","ast-page-background-enabled":"default","ast-page-background-meta":{"desktop":{"background-color":"","background-image":"","background-repeat":"repeat","background-position":"center center","background-size":"auto","background-attachment":"scroll","background-type":"","background-media":"","overlay-type":"","overlay-color":"","overlay-opacity":"","overlay-gradient":""},"tablet":{"background-color":"","background-image":"","background-repeat":"repeat","background-position":"center center","background-size":"auto","background-attachment":"scroll","background-type":"","background-media":"","overlay-type":"","overlay-color":"","overlay-opacity":"","overlay-gradient":""},"mobile":{"background-color":"","background-image":"","background-repeat":"repeat","background-position":"center center","background-size":"auto","background-attachment":"scroll","background-type":"","background-media":"","overlay-type":"","overlay-color":"","overlay-opacity":"","overlay-gradient":""}},"ast-content-background-meta":{"desktop":{"background-color":"var(--ast-global-color-5)","background-image":"","background-repeat":"repeat","background-position":"center center","background-size":"auto","background-attachment":"scroll","background-type":"","background-media":"","overlay-type":"","overlay-color":"","overlay-opacity":"","overlay-gradient":""},"tablet":{"background-color":"var(--ast-global-color-5)","background-image":"","background-repeat":"repeat","background-position":"center center","background-size":"auto","background-attachment":"scroll","background-type":"","background-media":"","overlay-type":"","overlay-color":"","overlay-opacity":"","overlay-gradient":""},"mobile":{"background-color":"var(--ast-global-color-5)","background-image":"","background-repeat":"repeat","background-position":"center center","background-size":"auto","background-attachment":"scroll","background-type":"","background-media":"","overlay-type":"","overlay-color":"","overlay-opacity":"","overlay-gradient":""}}},"product_brand":[],"product_cat":[624,565],"product_tag":[567,569],"class_list":{"0":"post-376707","1":"product","2":"type-product","3":"status-publish","4":"has-post-thumbnail","6":"product_cat-voervadsbro-teltplads","7":"product_cat-1-tag-reise","8":"product_tag-klostermolle-de","9":"product_tag-voervadsbro-teltplads-de","10":"desktop-align-left","11":"tablet-align-left","12":"mobile-align-left","13":"ast-product-gallery-layout-horizontal-slider","14":"ast-product-gallery-with-no-image","16":"first","17":"instock","18":"sold-individually","19":"taxable","20":"shipping-taxable","21":"purchasable","22":"product-type-booking"},"exclude_global_add_ons":false,"addons":[],"acf":[],"yoast_head":"<!-- This site is optimized with the Yoast SEO plugin v27.2 - https:\/\/yoast.com\/product\/yoast-seo-wordpress\/ -->\n<title>Voervadsbro bis Klosterm\u00f8lle - Silkeborg Kanocenter<\/title>\n<meta name=\"robots\" content=\"index, follow, max-snippet:-1, max-image-preview:large, max-video-preview:-1\" \/>\n<link rel=\"canonical\" href=\"https:\/\/www.silkeborgkanocenter.dk\/de\/booking\/voervadsbro-bis-klostermolle\/\" \/>\n<meta property=\"og:locale\" content=\"de_DE\" \/>\n<meta property=\"og:type\" content=\"article\" \/>\n<meta property=\"og:title\" content=\"Voervadsbro bis Klosterm\u00f8lle - Silkeborg Kanocenter\" \/>\n<meta property=\"og:description\" content=\"Startpunkt: Voervadsbro Teltplads, \u00c5dalen 5, 8660 Skanderborg Endadresse: Klosterm\u00f8lle, Klosterm\u00f8llevej 48, 8660 Skanderborg, D\u00e4nemark Das Kanu\/Kajak steht um 9.00 Uhr&hellip; L\u00e6s mere Voervadsbro bis Klosterm\u00f8lle\" \/>\n<meta property=\"og:url\" content=\"https:\/\/www.silkeborgkanocenter.dk\/de\/booking\/voervadsbro-bis-klostermolle\/\" \/>\n<meta property=\"og:site_name\" content=\"Silkeborg Kanocenter\" \/>\n<meta property=\"article:modified_time\" content=\"2025-10-09T14:07:14+00:00\" \/>\n<meta property=\"og:image\" content=\"https:\/\/www.silkeborgkanocenter.dk\/wp-content\/uploads\/2019\/05\/home-banner.jpg\" \/>\n\t<meta property=\"og:image:width\" content=\"2000\" \/>\n\t<meta property=\"og:image:height\" content=\"1500\" \/>\n\t<meta property=\"og:image:type\" content=\"image\/jpeg\" \/>\n<meta name=\"twitter:card\" content=\"summary_large_image\" \/>\n<script type=\"application\/ld+json\" class=\"yoast-schema-graph\">{\"@context\":\"https:\/\/schema.org\",\"@graph\":[{\"@type\":\"WebPage\",\"@id\":\"https:\/\/www.silkeborgkanocenter.dk\/de\/booking\/voervadsbro-bis-klostermolle\/\",\"url\":\"https:\/\/www.silkeborgkanocenter.dk\/de\/booking\/voervadsbro-bis-klostermolle\/\",\"name\":\"Voervadsbro bis Klosterm\u00f8lle - Silkeborg Kanocenter\",\"isPartOf\":{\"@id\":\"https:\/\/www.silkeborgkanocenter.dk\/de\/#website\"},\"primaryImageOfPage\":{\"@id\":\"https:\/\/www.silkeborgkanocenter.dk\/de\/booking\/voervadsbro-bis-klostermolle\/#primaryimage\"},\"image\":{\"@id\":\"https:\/\/www.silkeborgkanocenter.dk\/de\/booking\/voervadsbro-bis-klostermolle\/#primaryimage\"},\"thumbnailUrl\":\"https:\/\/www.silkeborgkanocenter.dk\/wp-content\/uploads\/2019\/05\/home-banner.jpg\",\"datePublished\":\"2019-10-31T11:34:59+00:00\",\"dateModified\":\"2025-10-09T14:07:14+00:00\",\"breadcrumb\":{\"@id\":\"https:\/\/www.silkeborgkanocenter.dk\/de\/booking\/voervadsbro-bis-klostermolle\/#breadcrumb\"},\"inLanguage\":\"de\",\"potentialAction\":[{\"@type\":\"ReadAction\",\"target\":[\"https:\/\/www.silkeborgkanocenter.dk\/de\/booking\/voervadsbro-bis-klostermolle\/\"]}]},{\"@type\":\"ImageObject\",\"inLanguage\":\"de\",\"@id\":\"https:\/\/www.silkeborgkanocenter.dk\/de\/booking\/voervadsbro-bis-klostermolle\/#primaryimage\",\"url\":\"https:\/\/www.silkeborgkanocenter.dk\/wp-content\/uploads\/2019\/05\/home-banner.jpg\",\"contentUrl\":\"https:\/\/www.silkeborgkanocenter.dk\/wp-content\/uploads\/2019\/05\/home-banner.jpg\",\"width\":2000,\"height\":1500},{\"@type\":\"BreadcrumbList\",\"@id\":\"https:\/\/www.silkeborgkanocenter.dk\/de\/booking\/voervadsbro-bis-klostermolle\/#breadcrumb\",\"itemListElement\":[{\"@type\":\"ListItem\",\"position\":1,\"name\":\"Home\",\"item\":\"https:\/\/www.silkeborgkanocenter.dk\/de\/\"},{\"@type\":\"ListItem\",\"position\":2,\"name\":\"Produkte\",\"item\":\"https:\/\/www.silkeborgkanocenter.dk\/de\/shop\/\"},{\"@type\":\"ListItem\",\"position\":3,\"name\":\"Voervadsbro bis Klosterm\u00f8lle\"}]},{\"@type\":\"WebSite\",\"@id\":\"https:\/\/www.silkeborgkanocenter.dk\/de\/#website\",\"url\":\"https:\/\/www.silkeborgkanocenter.dk\/de\/\",\"name\":\"Silkeborg Kanocenter\",\"description\":\"St\u00f8rste Kano- &amp; Kajakudlejer p\u00e5 Guden\u00e5en\",\"publisher\":{\"@id\":\"https:\/\/www.silkeborgkanocenter.dk\/de\/#organization\"},\"potentialAction\":[{\"@type\":\"SearchAction\",\"target\":{\"@type\":\"EntryPoint\",\"urlTemplate\":\"https:\/\/www.silkeborgkanocenter.dk\/de\/?s={search_term_string}\"},\"query-input\":{\"@type\":\"PropertyValueSpecification\",\"valueRequired\":true,\"valueName\":\"search_term_string\"}}],\"inLanguage\":\"de\"},{\"@type\":\"Organization\",\"@id\":\"https:\/\/www.silkeborgkanocenter.dk\/de\/#organization\",\"name\":\"Silkeborg Kanocenter\",\"url\":\"https:\/\/www.silkeborgkanocenter.dk\/de\/\",\"logo\":{\"@type\":\"ImageObject\",\"inLanguage\":\"de\",\"@id\":\"https:\/\/www.silkeborgkanocenter.dk\/de\/#\/schema\/logo\/image\/\",\"url\":\"https:\/\/www.silkeborgkanocenter.dk\/wp-content\/uploads\/2019\/06\/silkeborg-kanocenter-logo-outlined-transparent.png\",\"contentUrl\":\"https:\/\/www.silkeborgkanocenter.dk\/wp-content\/uploads\/2019\/06\/silkeborg-kanocenter-logo-outlined-transparent.png\",\"width\":1000,\"height\":1000,\"caption\":\"Silkeborg Kanocenter\"},\"image\":{\"@id\":\"https:\/\/www.silkeborgkanocenter.dk\/de\/#\/schema\/logo\/image\/\"}}]}<\/script>\n<!-- \/ Yoast SEO plugin. -->","yoast_head_json":{"title":"Voervadsbro bis Klosterm\u00f8lle - Silkeborg Kanocenter","robots":{"index":"index","follow":"follow","max-snippet":"max-snippet:-1","max-image-preview":"max-image-preview:large","max-video-preview":"max-video-preview:-1"},"canonical":"https:\/\/www.silkeborgkanocenter.dk\/de\/booking\/voervadsbro-bis-klostermolle\/","og_locale":"de_DE","og_type":"article","og_title":"Voervadsbro bis Klosterm\u00f8lle - Silkeborg Kanocenter","og_description":"Startpunkt: Voervadsbro Teltplads, \u00c5dalen 5, 8660 Skanderborg Endadresse: Klosterm\u00f8lle, Klosterm\u00f8llevej 48, 8660 Skanderborg, D\u00e4nemark Das Kanu\/Kajak steht um 9.00 Uhr&hellip; L\u00e6s mere Voervadsbro bis Klosterm\u00f8lle","og_url":"https:\/\/www.silkeborgkanocenter.dk\/de\/booking\/voervadsbro-bis-klostermolle\/","og_site_name":"Silkeborg Kanocenter","article_modified_time":"2025-10-09T14:07:14+00:00","og_image":[{"width":2000,"height":1500,"url":"https:\/\/www.silkeborgkanocenter.dk\/wp-content\/uploads\/2019\/05\/home-banner.jpg","type":"image\/jpeg"}],"twitter_card":"summary_large_image","schema":{"@context":"https:\/\/schema.org","@graph":[{"@type":"WebPage","@id":"https:\/\/www.silkeborgkanocenter.dk\/de\/booking\/voervadsbro-bis-klostermolle\/","url":"https:\/\/www.silkeborgkanocenter.dk\/de\/booking\/voervadsbro-bis-klostermolle\/","name":"Voervadsbro bis Klosterm\u00f8lle - Silkeborg Kanocenter","isPartOf":{"@id":"https:\/\/www.silkeborgkanocenter.dk\/de\/#website"},"primaryImageOfPage":{"@id":"https:\/\/www.silkeborgkanocenter.dk\/de\/booking\/voervadsbro-bis-klostermolle\/#primaryimage"},"image":{"@id":"https:\/\/www.silkeborgkanocenter.dk\/de\/booking\/voervadsbro-bis-klostermolle\/#primaryimage"},"thumbnailUrl":"https:\/\/www.silkeborgkanocenter.dk\/wp-content\/uploads\/2019\/05\/home-banner.jpg","datePublished":"2019-10-31T11:34:59+00:00","dateModified":"2025-10-09T14:07:14+00:00","breadcrumb":{"@id":"https:\/\/www.silkeborgkanocenter.dk\/de\/booking\/voervadsbro-bis-klostermolle\/#breadcrumb"},"inLanguage":"de","potentialAction":[{"@type":"ReadAction","target":["https:\/\/www.silkeborgkanocenter.dk\/de\/booking\/voervadsbro-bis-klostermolle\/"]}]},{"@type":"ImageObject","inLanguage":"de","@id":"https:\/\/www.silkeborgkanocenter.dk\/de\/booking\/voervadsbro-bis-klostermolle\/#primaryimage","url":"https:\/\/www.silkeborgkanocenter.dk\/wp-content\/uploads\/2019\/05\/home-banner.jpg","contentUrl":"https:\/\/www.silkeborgkanocenter.dk\/wp-content\/uploads\/2019\/05\/home-banner.jpg","width":2000,"height":1500},{"@type":"BreadcrumbList","@id":"https:\/\/www.silkeborgkanocenter.dk\/de\/booking\/voervadsbro-bis-klostermolle\/#breadcrumb","itemListElement":[{"@type":"ListItem","position":1,"name":"Home","item":"https:\/\/www.silkeborgkanocenter.dk\/de\/"},{"@type":"ListItem","position":2,"name":"Produkte","item":"https:\/\/www.silkeborgkanocenter.dk\/de\/shop\/"},{"@type":"ListItem","position":3,"name":"Voervadsbro bis Klosterm\u00f8lle"}]},{"@type":"WebSite","@id":"https:\/\/www.silkeborgkanocenter.dk\/de\/#website","url":"https:\/\/www.silkeborgkanocenter.dk\/de\/","name":"Silkeborg Kanocenter","description":"St\u00f8rste Kano- &amp; Kajakudlejer p\u00e5 Guden\u00e5en","publisher":{"@id":"https:\/\/www.silkeborgkanocenter.dk\/de\/#organization"},"potentialAction":[{"@type":"SearchAction","target":{"@type":"EntryPoint","urlTemplate":"https:\/\/www.silkeborgkanocenter.dk\/de\/?s={search_term_string}"},"query-input":{"@type":"PropertyValueSpecification","valueRequired":true,"valueName":"search_term_string"}}],"inLanguage":"de"},{"@type":"Organization","@id":"https:\/\/www.silkeborgkanocenter.dk\/de\/#organization","name":"Silkeborg Kanocenter","url":"https:\/\/www.silkeborgkanocenter.dk\/de\/","logo":{"@type":"ImageObject","inLanguage":"de","@id":"https:\/\/www.silkeborgkanocenter.dk\/de\/#\/schema\/logo\/image\/","url":"https:\/\/www.silkeborgkanocenter.dk\/wp-content\/uploads\/2019\/06\/silkeborg-kanocenter-logo-outlined-transparent.png","contentUrl":"https:\/\/www.silkeborgkanocenter.dk\/wp-content\/uploads\/2019\/06\/silkeborg-kanocenter-logo-outlined-transparent.png","width":1000,"height":1000,"caption":"Silkeborg Kanocenter"},"image":{"@id":"https:\/\/www.silkeborgkanocenter.dk\/de\/#\/schema\/logo\/image\/"}}]}},"_links":{"self":[{"href":"https:\/\/www.silkeborgkanocenter.dk\/de\/wp-json\/wp\/v2\/product\/376707","targetHints":{"allow":["GET"]}}],"collection":[{"href":"https:\/\/www.silkeborgkanocenter.dk\/de\/wp-json\/wp\/v2\/product"}],"about":[{"href":"https:\/\/www.silkeborgkanocenter.dk\/de\/wp-json\/wp\/v2\/types\/product"}],"wp:featuredmedia":[{"embeddable":true,"href":"https:\/\/www.silkeborgkanocenter.dk\/de\/wp-json\/wp\/v2\/media\/325090"}],"wp:attachment":[{"href":"https:\/\/www.silkeborgkanocenter.dk\/de\/wp-json\/wp\/v2\/media?parent=376707"}],"wp:term":[{"taxonomy":"product_brand","embeddable":true,"href":"https:\/\/www.silkeborgkanocenter.dk\/de\/wp-json\/wp\/v2\/product_brand?post=376707"},{"taxonomy":"product_cat","embeddable":true,"href":"https:\/\/www.silkeborgkanocenter.dk\/de\/wp-json\/wp\/v2\/product_cat?post=376707"},{"taxonomy":"product_tag","embeddable":true,"href":"https:\/\/www.silkeborgkanocenter.dk\/de\/wp-json\/wp\/v2\/product_tag?post=376707"}],"curies":[{"name":"wp","href":"https:\/\/api.w.org\/{rel}","templated":true}]}}