{"id":366951,"date":"2019-10-31T12:34:18","date_gmt":"2019-10-31T11:34:18","guid":{"rendered":"https:\/\/www.silkeborgkanocenter.dk\/booking\/gudena-camping-zum-fakultativen-endziel-9\/"},"modified":"2025-10-09T15:56:24","modified_gmt":"2025-10-09T13:56:24","slug":"gudena-camping-zum-fakultativen-endziel-9","status":"publish","type":"product","link":"https:\/\/www.silkeborgkanocenter.dk\/de\/booking\/gudena-camping-zum-fakultativen-endziel-9\/","title":{"rendered":"Guden\u00e5 Camping zum fakultativen Endziel"},"content":{"rendered":"<p><strong>Startpunkt:<\/strong> Guden\u00e5 Camping, Bolundvej 4, 8740 Br\u00e6dstrup<\/p>\n<p><strong>Endpunkt:<\/strong> Optionaler Zielort<\/p>\n<p>Das Kanu\/Kajak steht um 9.00 Uhr am Startpunkt bereit, und mit der Option eines optionalen Endziels entscheiden Sie, wo Sie die Reise beenden m\u00f6chten. Sie buchen die Anzahl der Tage, die Sie fahren m\u00f6chten, und teilen uns Ihr gew\u00fcnschtes Endziel telefonisch vor 12.00 Uhr am letzten Tag Ihrer Reise mit.   <\/p>\n<p>Vor der Tour k\u00f6nnen Sie unter Guden\u00e5 Camping \u00fcbernachten.<\/p>\n","protected":false},"excerpt":{"rendered":"<p>Startpunkt: Guden\u00e5 Camping, Bolundvej 4, 8740 Br\u00e6dstrup Endpunkt: Optionaler Zielort Das Kanu\/Kajak steht um 9.00 Uhr am Startpunkt bereit, und&hellip; <a class=\"continue\" href=\"https:\/\/www.silkeborgkanocenter.dk\/de\/booking\/gudena-camping-zum-fakultativen-endziel-9\/\">L\u00e6s mere<span> Guden\u00e5 Camping zum fakultativen Endziel<\/span><\/a><\/p>\n","protected":false},"featured_media":325090,"template":"","meta":{"_acf_changed":false,"site-sidebar-layout":"default","site-content-layout":"","ast-site-content-layout":"default","site-content-style":"default","site-sidebar-style":"default","ast-global-header-display":"","ast-banner-title-visibility":"","ast-main-header-display":"","ast-hfb-above-header-display":"","ast-hfb-below-header-display":"","ast-hfb-mobile-header-display":"","site-post-title":"","ast-breadcrumbs-content":"","ast-featured-img":"","footer-sml-layout":"","ast-disable-related-posts":"","theme-transparent-header-meta":"","adv-header-id-meta":"","stick-header-meta":"","header-above-stick-meta":"","header-main-stick-meta":"","header-below-stick-meta":"","astra-migrate-meta-layouts":"default","ast-page-background-enabled":"default","ast-page-background-meta":{"desktop":{"background-color":"","background-image":"","background-repeat":"repeat","background-position":"center center","background-size":"auto","background-attachment":"scroll","background-type":"","background-media":"","overlay-type":"","overlay-color":"","overlay-opacity":"","overlay-gradient":""},"tablet":{"background-color":"","background-image":"","background-repeat":"repeat","background-position":"center center","background-size":"auto","background-attachment":"scroll","background-type":"","background-media":"","overlay-type":"","overlay-color":"","overlay-opacity":"","overlay-gradient":""},"mobile":{"background-color":"","background-image":"","background-repeat":"repeat","background-position":"center center","background-size":"auto","background-attachment":"scroll","background-type":"","background-media":"","overlay-type":"","overlay-color":"","overlay-opacity":"","overlay-gradient":""}},"ast-content-background-meta":{"desktop":{"background-color":"var(--ast-global-color-5)","background-image":"","background-repeat":"repeat","background-position":"center center","background-size":"auto","background-attachment":"scroll","background-type":"","background-media":"","overlay-type":"","overlay-color":"","overlay-opacity":"","overlay-gradient":""},"tablet":{"background-color":"var(--ast-global-color-5)","background-image":"","background-repeat":"repeat","background-position":"center center","background-size":"auto","background-attachment":"scroll","background-type":"","background-media":"","overlay-type":"","overlay-color":"","overlay-opacity":"","overlay-gradient":""},"mobile":{"background-color":"var(--ast-global-color-5)","background-image":"","background-repeat":"repeat","background-position":"center center","background-size":"auto","background-attachment":"scroll","background-type":"","background-media":"","overlay-type":"","overlay-color":"","overlay-opacity":"","overlay-gradient":""}}},"product_brand":[],"product_cat":[620,548,601],"product_tag":[],"class_list":{"0":"post-366951","1":"product","2":"type-product","3":"status-publish","4":"has-post-thumbnail","6":"product_cat-gudenaa-camping-de","7":"product_cat-2-tages-reise","8":"product_cat-optionales-endziel","9":"desktop-align-left","10":"tablet-align-left","11":"mobile-align-left","12":"ast-product-gallery-layout-horizontal-slider","13":"ast-product-gallery-with-no-image","15":"first","16":"instock","17":"sold-individually","18":"taxable","19":"shipping-taxable","20":"purchasable","21":"product-type-booking"},"exclude_global_add_ons":false,"addons":[],"acf":[],"yoast_head":"<!-- This site is optimized with the Yoast SEO plugin v27.2 - https:\/\/yoast.com\/product\/yoast-seo-wordpress\/ -->\n<title>Guden\u00e5 Camping zum fakultativen Endziel - Silkeborg Kanocenter<\/title>\n<meta name=\"robots\" content=\"index, follow, max-snippet:-1, max-image-preview:large, max-video-preview:-1\" \/>\n<link rel=\"canonical\" href=\"https:\/\/www.silkeborgkanocenter.dk\/de\/booking\/gudena-camping-zum-fakultativen-endziel-9\/\" \/>\n<meta property=\"og:locale\" content=\"de_DE\" \/>\n<meta property=\"og:type\" content=\"article\" \/>\n<meta property=\"og:title\" content=\"Guden\u00e5 Camping zum fakultativen Endziel - Silkeborg Kanocenter\" \/>\n<meta property=\"og:description\" content=\"Startpunkt: Guden\u00e5 Camping, Bolundvej 4, 8740 Br\u00e6dstrup Endpunkt: Optionaler Zielort Das Kanu\/Kajak steht um 9.00 Uhr am Startpunkt bereit, und&hellip; L\u00e6s mere Guden\u00e5 Camping zum fakultativen Endziel\" \/>\n<meta property=\"og:url\" content=\"https:\/\/www.silkeborgkanocenter.dk\/de\/booking\/gudena-camping-zum-fakultativen-endziel-9\/\" \/>\n<meta property=\"og:site_name\" content=\"Silkeborg Kanocenter\" \/>\n<meta property=\"article:modified_time\" content=\"2025-10-09T13:56:24+00:00\" \/>\n<meta property=\"og:image\" content=\"https:\/\/www.silkeborgkanocenter.dk\/wp-content\/uploads\/2019\/05\/home-banner.jpg\" \/>\n\t<meta property=\"og:image:width\" content=\"2000\" \/>\n\t<meta property=\"og:image:height\" content=\"1500\" \/>\n\t<meta property=\"og:image:type\" content=\"image\/jpeg\" \/>\n<meta name=\"twitter:card\" content=\"summary_large_image\" \/>\n<script type=\"application\/ld+json\" class=\"yoast-schema-graph\">{\"@context\":\"https:\/\/schema.org\",\"@graph\":[{\"@type\":\"WebPage\",\"@id\":\"https:\/\/www.silkeborgkanocenter.dk\/de\/booking\/gudena-camping-zum-fakultativen-endziel-9\/\",\"url\":\"https:\/\/www.silkeborgkanocenter.dk\/de\/booking\/gudena-camping-zum-fakultativen-endziel-9\/\",\"name\":\"Guden\u00e5 Camping zum fakultativen Endziel - Silkeborg Kanocenter\",\"isPartOf\":{\"@id\":\"https:\/\/www.silkeborgkanocenter.dk\/de\/#website\"},\"primaryImageOfPage\":{\"@id\":\"https:\/\/www.silkeborgkanocenter.dk\/de\/booking\/gudena-camping-zum-fakultativen-endziel-9\/#primaryimage\"},\"image\":{\"@id\":\"https:\/\/www.silkeborgkanocenter.dk\/de\/booking\/gudena-camping-zum-fakultativen-endziel-9\/#primaryimage\"},\"thumbnailUrl\":\"https:\/\/www.silkeborgkanocenter.dk\/wp-content\/uploads\/2019\/05\/home-banner.jpg\",\"datePublished\":\"2019-10-31T11:34:18+00:00\",\"dateModified\":\"2025-10-09T13:56:24+00:00\",\"breadcrumb\":{\"@id\":\"https:\/\/www.silkeborgkanocenter.dk\/de\/booking\/gudena-camping-zum-fakultativen-endziel-9\/#breadcrumb\"},\"inLanguage\":\"de\",\"potentialAction\":[{\"@type\":\"ReadAction\",\"target\":[\"https:\/\/www.silkeborgkanocenter.dk\/de\/booking\/gudena-camping-zum-fakultativen-endziel-9\/\"]}]},{\"@type\":\"ImageObject\",\"inLanguage\":\"de\",\"@id\":\"https:\/\/www.silkeborgkanocenter.dk\/de\/booking\/gudena-camping-zum-fakultativen-endziel-9\/#primaryimage\",\"url\":\"https:\/\/www.silkeborgkanocenter.dk\/wp-content\/uploads\/2019\/05\/home-banner.jpg\",\"contentUrl\":\"https:\/\/www.silkeborgkanocenter.dk\/wp-content\/uploads\/2019\/05\/home-banner.jpg\",\"width\":2000,\"height\":1500},{\"@type\":\"BreadcrumbList\",\"@id\":\"https:\/\/www.silkeborgkanocenter.dk\/de\/booking\/gudena-camping-zum-fakultativen-endziel-9\/#breadcrumb\",\"itemListElement\":[{\"@type\":\"ListItem\",\"position\":1,\"name\":\"Home\",\"item\":\"https:\/\/www.silkeborgkanocenter.dk\/de\/\"},{\"@type\":\"ListItem\",\"position\":2,\"name\":\"Produkte\",\"item\":\"https:\/\/www.silkeborgkanocenter.dk\/de\/shop\/\"},{\"@type\":\"ListItem\",\"position\":3,\"name\":\"Guden\u00e5 Camping zum fakultativen Endziel\"}]},{\"@type\":\"WebSite\",\"@id\":\"https:\/\/www.silkeborgkanocenter.dk\/de\/#website\",\"url\":\"https:\/\/www.silkeborgkanocenter.dk\/de\/\",\"name\":\"Silkeborg Kanocenter\",\"description\":\"St\u00f8rste Kano- &amp; Kajakudlejer p\u00e5 Guden\u00e5en\",\"publisher\":{\"@id\":\"https:\/\/www.silkeborgkanocenter.dk\/de\/#organization\"},\"potentialAction\":[{\"@type\":\"SearchAction\",\"target\":{\"@type\":\"EntryPoint\",\"urlTemplate\":\"https:\/\/www.silkeborgkanocenter.dk\/de\/?s={search_term_string}\"},\"query-input\":{\"@type\":\"PropertyValueSpecification\",\"valueRequired\":true,\"valueName\":\"search_term_string\"}}],\"inLanguage\":\"de\"},{\"@type\":\"Organization\",\"@id\":\"https:\/\/www.silkeborgkanocenter.dk\/de\/#organization\",\"name\":\"Silkeborg Kanocenter\",\"url\":\"https:\/\/www.silkeborgkanocenter.dk\/de\/\",\"logo\":{\"@type\":\"ImageObject\",\"inLanguage\":\"de\",\"@id\":\"https:\/\/www.silkeborgkanocenter.dk\/de\/#\/schema\/logo\/image\/\",\"url\":\"https:\/\/www.silkeborgkanocenter.dk\/wp-content\/uploads\/2019\/06\/silkeborg-kanocenter-logo-outlined-transparent.png\",\"contentUrl\":\"https:\/\/www.silkeborgkanocenter.dk\/wp-content\/uploads\/2019\/06\/silkeborg-kanocenter-logo-outlined-transparent.png\",\"width\":1000,\"height\":1000,\"caption\":\"Silkeborg Kanocenter\"},\"image\":{\"@id\":\"https:\/\/www.silkeborgkanocenter.dk\/de\/#\/schema\/logo\/image\/\"}}]}<\/script>\n<!-- \/ Yoast SEO plugin. -->","yoast_head_json":{"title":"Guden\u00e5 Camping zum fakultativen Endziel - Silkeborg Kanocenter","robots":{"index":"index","follow":"follow","max-snippet":"max-snippet:-1","max-image-preview":"max-image-preview:large","max-video-preview":"max-video-preview:-1"},"canonical":"https:\/\/www.silkeborgkanocenter.dk\/de\/booking\/gudena-camping-zum-fakultativen-endziel-9\/","og_locale":"de_DE","og_type":"article","og_title":"Guden\u00e5 Camping zum fakultativen Endziel - Silkeborg Kanocenter","og_description":"Startpunkt: Guden\u00e5 Camping, Bolundvej 4, 8740 Br\u00e6dstrup Endpunkt: Optionaler Zielort Das Kanu\/Kajak steht um 9.00 Uhr am Startpunkt bereit, und&hellip; L\u00e6s mere Guden\u00e5 Camping zum fakultativen Endziel","og_url":"https:\/\/www.silkeborgkanocenter.dk\/de\/booking\/gudena-camping-zum-fakultativen-endziel-9\/","og_site_name":"Silkeborg Kanocenter","article_modified_time":"2025-10-09T13:56:24+00:00","og_image":[{"width":2000,"height":1500,"url":"https:\/\/www.silkeborgkanocenter.dk\/wp-content\/uploads\/2019\/05\/home-banner.jpg","type":"image\/jpeg"}],"twitter_card":"summary_large_image","schema":{"@context":"https:\/\/schema.org","@graph":[{"@type":"WebPage","@id":"https:\/\/www.silkeborgkanocenter.dk\/de\/booking\/gudena-camping-zum-fakultativen-endziel-9\/","url":"https:\/\/www.silkeborgkanocenter.dk\/de\/booking\/gudena-camping-zum-fakultativen-endziel-9\/","name":"Guden\u00e5 Camping zum fakultativen Endziel - Silkeborg Kanocenter","isPartOf":{"@id":"https:\/\/www.silkeborgkanocenter.dk\/de\/#website"},"primaryImageOfPage":{"@id":"https:\/\/www.silkeborgkanocenter.dk\/de\/booking\/gudena-camping-zum-fakultativen-endziel-9\/#primaryimage"},"image":{"@id":"https:\/\/www.silkeborgkanocenter.dk\/de\/booking\/gudena-camping-zum-fakultativen-endziel-9\/#primaryimage"},"thumbnailUrl":"https:\/\/www.silkeborgkanocenter.dk\/wp-content\/uploads\/2019\/05\/home-banner.jpg","datePublished":"2019-10-31T11:34:18+00:00","dateModified":"2025-10-09T13:56:24+00:00","breadcrumb":{"@id":"https:\/\/www.silkeborgkanocenter.dk\/de\/booking\/gudena-camping-zum-fakultativen-endziel-9\/#breadcrumb"},"inLanguage":"de","potentialAction":[{"@type":"ReadAction","target":["https:\/\/www.silkeborgkanocenter.dk\/de\/booking\/gudena-camping-zum-fakultativen-endziel-9\/"]}]},{"@type":"ImageObject","inLanguage":"de","@id":"https:\/\/www.silkeborgkanocenter.dk\/de\/booking\/gudena-camping-zum-fakultativen-endziel-9\/#primaryimage","url":"https:\/\/www.silkeborgkanocenter.dk\/wp-content\/uploads\/2019\/05\/home-banner.jpg","contentUrl":"https:\/\/www.silkeborgkanocenter.dk\/wp-content\/uploads\/2019\/05\/home-banner.jpg","width":2000,"height":1500},{"@type":"BreadcrumbList","@id":"https:\/\/www.silkeborgkanocenter.dk\/de\/booking\/gudena-camping-zum-fakultativen-endziel-9\/#breadcrumb","itemListElement":[{"@type":"ListItem","position":1,"name":"Home","item":"https:\/\/www.silkeborgkanocenter.dk\/de\/"},{"@type":"ListItem","position":2,"name":"Produkte","item":"https:\/\/www.silkeborgkanocenter.dk\/de\/shop\/"},{"@type":"ListItem","position":3,"name":"Guden\u00e5 Camping zum fakultativen Endziel"}]},{"@type":"WebSite","@id":"https:\/\/www.silkeborgkanocenter.dk\/de\/#website","url":"https:\/\/www.silkeborgkanocenter.dk\/de\/","name":"Silkeborg Kanocenter","description":"St\u00f8rste Kano- &amp; Kajakudlejer p\u00e5 Guden\u00e5en","publisher":{"@id":"https:\/\/www.silkeborgkanocenter.dk\/de\/#organization"},"potentialAction":[{"@type":"SearchAction","target":{"@type":"EntryPoint","urlTemplate":"https:\/\/www.silkeborgkanocenter.dk\/de\/?s={search_term_string}"},"query-input":{"@type":"PropertyValueSpecification","valueRequired":true,"valueName":"search_term_string"}}],"inLanguage":"de"},{"@type":"Organization","@id":"https:\/\/www.silkeborgkanocenter.dk\/de\/#organization","name":"Silkeborg Kanocenter","url":"https:\/\/www.silkeborgkanocenter.dk\/de\/","logo":{"@type":"ImageObject","inLanguage":"de","@id":"https:\/\/www.silkeborgkanocenter.dk\/de\/#\/schema\/logo\/image\/","url":"https:\/\/www.silkeborgkanocenter.dk\/wp-content\/uploads\/2019\/06\/silkeborg-kanocenter-logo-outlined-transparent.png","contentUrl":"https:\/\/www.silkeborgkanocenter.dk\/wp-content\/uploads\/2019\/06\/silkeborg-kanocenter-logo-outlined-transparent.png","width":1000,"height":1000,"caption":"Silkeborg Kanocenter"},"image":{"@id":"https:\/\/www.silkeborgkanocenter.dk\/de\/#\/schema\/logo\/image\/"}}]}},"_links":{"self":[{"href":"https:\/\/www.silkeborgkanocenter.dk\/de\/wp-json\/wp\/v2\/product\/366951","targetHints":{"allow":["GET"]}}],"collection":[{"href":"https:\/\/www.silkeborgkanocenter.dk\/de\/wp-json\/wp\/v2\/product"}],"about":[{"href":"https:\/\/www.silkeborgkanocenter.dk\/de\/wp-json\/wp\/v2\/types\/product"}],"wp:featuredmedia":[{"embeddable":true,"href":"https:\/\/www.silkeborgkanocenter.dk\/de\/wp-json\/wp\/v2\/media\/325090"}],"wp:attachment":[{"href":"https:\/\/www.silkeborgkanocenter.dk\/de\/wp-json\/wp\/v2\/media?parent=366951"}],"wp:term":[{"taxonomy":"product_brand","embeddable":true,"href":"https:\/\/www.silkeborgkanocenter.dk\/de\/wp-json\/wp\/v2\/product_brand?post=366951"},{"taxonomy":"product_cat","embeddable":true,"href":"https:\/\/www.silkeborgkanocenter.dk\/de\/wp-json\/wp\/v2\/product_cat?post=366951"},{"taxonomy":"product_tag","embeddable":true,"href":"https:\/\/www.silkeborgkanocenter.dk\/de\/wp-json\/wp\/v2\/product_tag?post=366951"}],"curies":[{"name":"wp","href":"https:\/\/api.w.org\/{rel}","templated":true}]}}