{"id":341799,"date":"2019-06-18T12:51:31","date_gmt":"2019-06-18T10:51:31","guid":{"rendered":"https:\/\/www.silkeborgkanocenter.dk\/pauschalangebote\/pionier-pakete\/"},"modified":"2026-01-23T15:03:02","modified_gmt":"2026-01-23T14:03:02","slug":"pionier-pakete","status":"publish","type":"page","link":"https:\/\/www.silkeborgkanocenter.dk\/de\/pauschalangebote\/pionier-pakete\/","title":{"rendered":"Pionier-Pakete"},"content":{"rendered":"","protected":false},"excerpt":{"rendered":"","protected":false},"author":1,"featured_media":0,"parent":341755,"menu_order":0,"comment_status":"closed","ping_status":"closed","template":"","meta":{"_acf_changed":false,"site-sidebar-layout":"right-sidebar","site-content-layout":"default","ast-site-content-layout":"default","site-content-style":"default","site-sidebar-style":"default","ast-global-header-display":"","ast-banner-title-visibility":"","ast-main-header-display":"","ast-hfb-above-header-display":"","ast-hfb-below-header-display":"","ast-hfb-mobile-header-display":"","site-post-title":"disabled","ast-breadcrumbs-content":"","ast-featured-img":"","footer-sml-layout":"","ast-disable-related-posts":"","theme-transparent-header-meta":"default","adv-header-id-meta":"","stick-header-meta":"","header-above-stick-meta":"","header-main-stick-meta":"","header-below-stick-meta":"","astra-migrate-meta-layouts":"default","ast-page-background-enabled":"default","ast-page-background-meta":{"desktop":{"background-color":"","background-image":"","background-repeat":"repeat","background-position":"center center","background-size":"auto","background-attachment":"scroll","background-type":"","background-media":"","overlay-type":"","overlay-color":"","overlay-opacity":"","overlay-gradient":""},"tablet":{"background-color":"","background-image":"","background-repeat":"repeat","background-position":"center center","background-size":"auto","background-attachment":"scroll","background-type":"","background-media":"","overlay-type":"","overlay-color":"","overlay-opacity":"","overlay-gradient":""},"mobile":{"background-color":"","background-image":"","background-repeat":"repeat","background-position":"center center","background-size":"auto","background-attachment":"scroll","background-type":"","background-media":"","overlay-type":"","overlay-color":"","overlay-opacity":"","overlay-gradient":""}},"ast-content-background-meta":{"desktop":{"background-color":"var(--ast-global-color-5)","background-image":"","background-repeat":"repeat","background-position":"center center","background-size":"auto","background-attachment":"scroll","background-type":"","background-media":"","overlay-type":"","overlay-color":"","overlay-opacity":"","overlay-gradient":""},"tablet":{"background-color":"var(--ast-global-color-5)","background-image":"","background-repeat":"repeat","background-position":"center center","background-size":"auto","background-attachment":"scroll","background-type":"","background-media":"","overlay-type":"","overlay-color":"","overlay-opacity":"","overlay-gradient":""},"mobile":{"background-color":"var(--ast-global-color-5)","background-image":"","background-repeat":"repeat","background-position":"center center","background-size":"auto","background-attachment":"scroll","background-type":"","background-media":"","overlay-type":"","overlay-color":"","overlay-opacity":"","overlay-gradient":""}},"footnotes":""},"class_list":["post-341799","page","type-page","status-publish","hentry"],"acf":[],"yoast_head":"<!-- This site is optimized with the Yoast SEO plugin v27.2 - https:\/\/yoast.com\/product\/yoast-seo-wordpress\/ -->\n<title>\u2606 Buchen Sie Pioneer-Pakete auf Silkeborg Kanocenter - Kanu- und Kajakfahren \u2606<\/title>\n<meta name=\"description\" content=\"&quot;Unsere Pionierpakete beinhalten Kanu- und Kajakverleih und ein 4-Personen-Igluzelt - \u00dcbernachten Sie auf primitiven Campingpl\u00e4tzen entlang der Guden\u00e5en - Kommen Sie der Natur nahe &quot;\" \/>\n<meta name=\"robots\" content=\"index, follow, max-snippet:-1, max-image-preview:large, max-video-preview:-1\" \/>\n<link rel=\"canonical\" href=\"https:\/\/www.silkeborgkanocenter.dk\/de\/pauschalangebote\/pionier-pakete\/\" \/>\n<meta property=\"og:locale\" content=\"de_DE\" \/>\n<meta property=\"og:type\" content=\"article\" \/>\n<meta property=\"og:title\" content=\"\u2606 Buchen Sie Pioneer-Pakete auf Silkeborg Kanocenter - Kanu- und Kajakfahren \u2606\" \/>\n<meta property=\"og:description\" content=\"&quot;Unsere Pionierpakete beinhalten Kanu- und Kajakverleih und ein 4-Personen-Igluzelt - \u00dcbernachten Sie auf primitiven Campingpl\u00e4tzen entlang der Guden\u00e5en - Kommen Sie der Natur nahe &quot;\" \/>\n<meta property=\"og:url\" content=\"https:\/\/www.silkeborgkanocenter.dk\/de\/pauschalangebote\/pionier-pakete\/\" \/>\n<meta property=\"og:site_name\" content=\"Silkeborg Kanocenter\" \/>\n<meta property=\"article:modified_time\" content=\"2026-01-23T14:03:02+00:00\" \/>\n<meta name=\"twitter:card\" content=\"summary_large_image\" \/>\n<script type=\"application\/ld+json\" class=\"yoast-schema-graph\">{\"@context\":\"https:\/\/schema.org\",\"@graph\":[{\"@type\":\"WebPage\",\"@id\":\"https:\/\/www.silkeborgkanocenter.dk\/de\/pauschalangebote\/pionier-pakete\/\",\"url\":\"https:\/\/www.silkeborgkanocenter.dk\/de\/pauschalangebote\/pionier-pakete\/\",\"name\":\"\u2606 Buchen Sie Pioneer-Pakete auf Silkeborg Kanocenter - Kanu- und Kajakfahren \u2606\",\"isPartOf\":{\"@id\":\"https:\/\/www.silkeborgkanocenter.dk\/de\/#website\"},\"datePublished\":\"2019-06-18T10:51:31+00:00\",\"dateModified\":\"2026-01-23T14:03:02+00:00\",\"description\":\"\\\"Unsere Pionierpakete beinhalten Kanu- und Kajakverleih und ein 4-Personen-Igluzelt - \u00dcbernachten Sie auf primitiven Campingpl\u00e4tzen entlang der Guden\u00e5en - Kommen Sie der Natur nahe \\\"\",\"breadcrumb\":{\"@id\":\"https:\/\/www.silkeborgkanocenter.dk\/de\/pauschalangebote\/pionier-pakete\/#breadcrumb\"},\"inLanguage\":\"de\",\"potentialAction\":[{\"@type\":\"ReadAction\",\"target\":[\"https:\/\/www.silkeborgkanocenter.dk\/de\/pauschalangebote\/pionier-pakete\/\"]}]},{\"@type\":\"BreadcrumbList\",\"@id\":\"https:\/\/www.silkeborgkanocenter.dk\/de\/pauschalangebote\/pionier-pakete\/#breadcrumb\",\"itemListElement\":[{\"@type\":\"ListItem\",\"position\":1,\"name\":\"Home\",\"item\":\"https:\/\/www.silkeborgkanocenter.dk\/de\/\"},{\"@type\":\"ListItem\",\"position\":2,\"name\":\"Pauschalangebote\",\"item\":\"https:\/\/www.silkeborgkanocenter.dk\/de\/pauschalangebote\/\"},{\"@type\":\"ListItem\",\"position\":3,\"name\":\"Pionier-Pakete\"}]},{\"@type\":\"WebSite\",\"@id\":\"https:\/\/www.silkeborgkanocenter.dk\/de\/#website\",\"url\":\"https:\/\/www.silkeborgkanocenter.dk\/de\/\",\"name\":\"Silkeborg Kanocenter\",\"description\":\"St\u00f8rste Kano- &amp; Kajakudlejer p\u00e5 Guden\u00e5en\",\"publisher\":{\"@id\":\"https:\/\/www.silkeborgkanocenter.dk\/de\/#organization\"},\"potentialAction\":[{\"@type\":\"SearchAction\",\"target\":{\"@type\":\"EntryPoint\",\"urlTemplate\":\"https:\/\/www.silkeborgkanocenter.dk\/de\/?s={search_term_string}\"},\"query-input\":{\"@type\":\"PropertyValueSpecification\",\"valueRequired\":true,\"valueName\":\"search_term_string\"}}],\"inLanguage\":\"de\"},{\"@type\":\"Organization\",\"@id\":\"https:\/\/www.silkeborgkanocenter.dk\/de\/#organization\",\"name\":\"Silkeborg Kanocenter\",\"url\":\"https:\/\/www.silkeborgkanocenter.dk\/de\/\",\"logo\":{\"@type\":\"ImageObject\",\"inLanguage\":\"de\",\"@id\":\"https:\/\/www.silkeborgkanocenter.dk\/de\/#\/schema\/logo\/image\/\",\"url\":\"https:\/\/www.silkeborgkanocenter.dk\/wp-content\/uploads\/2019\/06\/silkeborg-kanocenter-logo-outlined-transparent.png\",\"contentUrl\":\"https:\/\/www.silkeborgkanocenter.dk\/wp-content\/uploads\/2019\/06\/silkeborg-kanocenter-logo-outlined-transparent.png\",\"width\":1000,\"height\":1000,\"caption\":\"Silkeborg Kanocenter\"},\"image\":{\"@id\":\"https:\/\/www.silkeborgkanocenter.dk\/de\/#\/schema\/logo\/image\/\"}}]}<\/script>\n<!-- \/ Yoast SEO plugin. -->","yoast_head_json":{"title":"\u2606 Buchen Sie Pioneer-Pakete auf Silkeborg Kanocenter - Kanu- und Kajakfahren \u2606","description":"\"Unsere Pionierpakete beinhalten Kanu- und Kajakverleih und ein 4-Personen-Igluzelt - \u00dcbernachten Sie auf primitiven Campingpl\u00e4tzen entlang der Guden\u00e5en - Kommen Sie der Natur nahe \"","robots":{"index":"index","follow":"follow","max-snippet":"max-snippet:-1","max-image-preview":"max-image-preview:large","max-video-preview":"max-video-preview:-1"},"canonical":"https:\/\/www.silkeborgkanocenter.dk\/de\/pauschalangebote\/pionier-pakete\/","og_locale":"de_DE","og_type":"article","og_title":"\u2606 Buchen Sie Pioneer-Pakete auf Silkeborg Kanocenter - Kanu- und Kajakfahren \u2606","og_description":"\"Unsere Pionierpakete beinhalten Kanu- und Kajakverleih und ein 4-Personen-Igluzelt - \u00dcbernachten Sie auf primitiven Campingpl\u00e4tzen entlang der Guden\u00e5en - Kommen Sie der Natur nahe \"","og_url":"https:\/\/www.silkeborgkanocenter.dk\/de\/pauschalangebote\/pionier-pakete\/","og_site_name":"Silkeborg Kanocenter","article_modified_time":"2026-01-23T14:03:02+00:00","twitter_card":"summary_large_image","schema":{"@context":"https:\/\/schema.org","@graph":[{"@type":"WebPage","@id":"https:\/\/www.silkeborgkanocenter.dk\/de\/pauschalangebote\/pionier-pakete\/","url":"https:\/\/www.silkeborgkanocenter.dk\/de\/pauschalangebote\/pionier-pakete\/","name":"\u2606 Buchen Sie Pioneer-Pakete auf Silkeborg Kanocenter - Kanu- und Kajakfahren \u2606","isPartOf":{"@id":"https:\/\/www.silkeborgkanocenter.dk\/de\/#website"},"datePublished":"2019-06-18T10:51:31+00:00","dateModified":"2026-01-23T14:03:02+00:00","description":"\"Unsere Pionierpakete beinhalten Kanu- und Kajakverleih und ein 4-Personen-Igluzelt - \u00dcbernachten Sie auf primitiven Campingpl\u00e4tzen entlang der Guden\u00e5en - Kommen Sie der Natur nahe \"","breadcrumb":{"@id":"https:\/\/www.silkeborgkanocenter.dk\/de\/pauschalangebote\/pionier-pakete\/#breadcrumb"},"inLanguage":"de","potentialAction":[{"@type":"ReadAction","target":["https:\/\/www.silkeborgkanocenter.dk\/de\/pauschalangebote\/pionier-pakete\/"]}]},{"@type":"BreadcrumbList","@id":"https:\/\/www.silkeborgkanocenter.dk\/de\/pauschalangebote\/pionier-pakete\/#breadcrumb","itemListElement":[{"@type":"ListItem","position":1,"name":"Home","item":"https:\/\/www.silkeborgkanocenter.dk\/de\/"},{"@type":"ListItem","position":2,"name":"Pauschalangebote","item":"https:\/\/www.silkeborgkanocenter.dk\/de\/pauschalangebote\/"},{"@type":"ListItem","position":3,"name":"Pionier-Pakete"}]},{"@type":"WebSite","@id":"https:\/\/www.silkeborgkanocenter.dk\/de\/#website","url":"https:\/\/www.silkeborgkanocenter.dk\/de\/","name":"Silkeborg Kanocenter","description":"St\u00f8rste Kano- &amp; Kajakudlejer p\u00e5 Guden\u00e5en","publisher":{"@id":"https:\/\/www.silkeborgkanocenter.dk\/de\/#organization"},"potentialAction":[{"@type":"SearchAction","target":{"@type":"EntryPoint","urlTemplate":"https:\/\/www.silkeborgkanocenter.dk\/de\/?s={search_term_string}"},"query-input":{"@type":"PropertyValueSpecification","valueRequired":true,"valueName":"search_term_string"}}],"inLanguage":"de"},{"@type":"Organization","@id":"https:\/\/www.silkeborgkanocenter.dk\/de\/#organization","name":"Silkeborg Kanocenter","url":"https:\/\/www.silkeborgkanocenter.dk\/de\/","logo":{"@type":"ImageObject","inLanguage":"de","@id":"https:\/\/www.silkeborgkanocenter.dk\/de\/#\/schema\/logo\/image\/","url":"https:\/\/www.silkeborgkanocenter.dk\/wp-content\/uploads\/2019\/06\/silkeborg-kanocenter-logo-outlined-transparent.png","contentUrl":"https:\/\/www.silkeborgkanocenter.dk\/wp-content\/uploads\/2019\/06\/silkeborg-kanocenter-logo-outlined-transparent.png","width":1000,"height":1000,"caption":"Silkeborg Kanocenter"},"image":{"@id":"https:\/\/www.silkeborgkanocenter.dk\/de\/#\/schema\/logo\/image\/"}}]}},"_links":{"self":[{"href":"https:\/\/www.silkeborgkanocenter.dk\/de\/wp-json\/wp\/v2\/pages\/341799","targetHints":{"allow":["GET"]}}],"collection":[{"href":"https:\/\/www.silkeborgkanocenter.dk\/de\/wp-json\/wp\/v2\/pages"}],"about":[{"href":"https:\/\/www.silkeborgkanocenter.dk\/de\/wp-json\/wp\/v2\/types\/page"}],"author":[{"embeddable":true,"href":"https:\/\/www.silkeborgkanocenter.dk\/de\/wp-json\/wp\/v2\/users\/1"}],"replies":[{"embeddable":true,"href":"https:\/\/www.silkeborgkanocenter.dk\/de\/wp-json\/wp\/v2\/comments?post=341799"}],"version-history":[{"count":1,"href":"https:\/\/www.silkeborgkanocenter.dk\/de\/wp-json\/wp\/v2\/pages\/341799\/revisions"}],"predecessor-version":[{"id":4332236,"href":"https:\/\/www.silkeborgkanocenter.dk\/de\/wp-json\/wp\/v2\/pages\/341799\/revisions\/4332236"}],"up":[{"embeddable":true,"href":"https:\/\/www.silkeborgkanocenter.dk\/de\/wp-json\/wp\/v2\/pages\/341755"}],"wp:attachment":[{"href":"https:\/\/www.silkeborgkanocenter.dk\/de\/wp-json\/wp\/v2\/media?parent=341799"}],"curies":[{"name":"wp","href":"https:\/\/api.w.org\/{rel}","templated":true}]}}